{"id":2532,"date":"2024-04-16T20:21:12","date_gmt":"2024-04-16T17:21:12","guid":{"rendered":"https:\/\/dodiciorganic.com\/zodiac-signs\/"},"modified":"2024-07-31T20:19:55","modified_gmt":"2024-07-31T17:19:55","slug":"zodiac-signs","status":"publish","type":"page","link":"https:\/\/dodiciorganic.com\/en\/zodiac-signs\/","title":{"rendered":"Zodiac Signs"},"content":{"rendered":"","protected":false},"excerpt":{"rendered":"","protected":false},"author":1,"featured_media":0,"parent":0,"menu_order":0,"comment_status":"closed","ping_status":"closed","template":"","meta":{"site-sidebar-layout":"default","site-content-layout":"","ast-site-content-layout":"default","site-content-style":"default","site-sidebar-style":"default","ast-global-header-display":"","ast-banner-title-visibility":"","ast-main-header-display":"","ast-hfb-above-header-display":"","ast-hfb-below-header-display":"","ast-hfb-mobile-header-display":"","site-post-title":"","ast-breadcrumbs-content":"","ast-featured-img":"","footer-sml-layout":"","ast-disable-related-posts":"","theme-transparent-header-meta":"default","adv-header-id-meta":"","stick-header-meta":"default","header-above-stick-meta":"","header-main-stick-meta":"","header-below-stick-meta":"","astra-migrate-meta-layouts":"default","ast-page-background-enabled":"default","ast-page-background-meta":{"desktop":{"background-color":"var(--ast-global-color-4)","background-image":"","background-repeat":"repeat","background-position":"center center","background-size":"auto","background-attachment":"scroll","background-type":"","background-media":"","overlay-type":"","overlay-color":"","overlay-opacity":"","overlay-gradient":""},"tablet":{"background-color":"","background-image":"","background-repeat":"repeat","background-position":"center center","background-size":"auto","background-attachment":"scroll","background-type":"","background-media":"","overlay-type":"","overlay-color":"","overlay-opacity":"","overlay-gradient":""},"mobile":{"background-color":"","background-image":"","background-repeat":"repeat","background-position":"center center","background-size":"auto","background-attachment":"scroll","background-type":"","background-media":"","overlay-type":"","overlay-color":"","overlay-opacity":"","overlay-gradient":""}},"ast-content-background-meta":{"desktop":{"background-color":"var(--ast-global-color-5)","background-image":"","background-repeat":"repeat","background-position":"center center","background-size":"auto","background-attachment":"scroll","background-type":"","background-media":"","overlay-type":"","overlay-color":"","overlay-opacity":"","overlay-gradient":""},"tablet":{"background-color":"var(--ast-global-color-5)","background-image":"","background-repeat":"repeat","background-position":"center center","background-size":"auto","background-attachment":"scroll","background-type":"","background-media":"","overlay-type":"","overlay-color":"","overlay-opacity":"","overlay-gradient":""},"mobile":{"background-color":"var(--ast-global-color-5)","background-image":"","background-repeat":"repeat","background-position":"center center","background-size":"auto","background-attachment":"scroll","background-type":"","background-media":"","overlay-type":"","overlay-color":"","overlay-opacity":"","overlay-gradient":""}},"footnotes":""},"class_list":["post-2532","page","type-page","status-publish","hentry"],"yoast_head":"<!-- This site is optimized with the Yoast SEO plugin v27.3 - https:\/\/yoast.com\/product\/yoast-seo-wordpress\/ -->\n<title>Zodiac Signs - DODICI<\/title>\n<meta name=\"description\" content=\"Esimene tootesari Eestis, mis ammutab inspiratsiooni t\u00e4htkujudest ja nende m\u00fcstikast, tuues teieni ainulaadseid kooslusi, mis on loodud just teie t\u00e4htkuju isikup\u00e4ra silmas pidades. Dodici Organic tooted on looduslikud, rikkalikud ning luksuslikud, aidates teil taastada tasakaalu, rahu ja harmooniat oma igap\u00e4evaelus.\" \/>\n<meta name=\"robots\" content=\"index, follow, max-snippet:-1, max-image-preview:large, max-video-preview:-1\" \/>\n<link rel=\"canonical\" href=\"https:\/\/dodiciorganic.com\/en\/zodiac-signs\/\" \/>\n<meta property=\"og:locale\" content=\"en_US\" \/>\n<meta property=\"og:type\" content=\"article\" \/>\n<meta property=\"og:title\" content=\"Zodiac Signs - DODICI\" \/>\n<meta property=\"og:description\" content=\"Esimene tootesari Eestis, mis ammutab inspiratsiooni t\u00e4htkujudest ja nende m\u00fcstikast, tuues teieni ainulaadseid kooslusi, mis on loodud just teie t\u00e4htkuju isikup\u00e4ra silmas pidades. Dodici Organic tooted on looduslikud, rikkalikud ning luksuslikud, aidates teil taastada tasakaalu, rahu ja harmooniat oma igap\u00e4evaelus.\" \/>\n<meta property=\"og:url\" content=\"https:\/\/dodiciorganic.com\/en\/zodiac-signs\/\" \/>\n<meta property=\"og:site_name\" content=\"DODICI\" \/>\n<meta property=\"article:publisher\" content=\"https:\/\/www.facebook.com\/dodiciorganic\/\" \/>\n<meta property=\"article:modified_time\" content=\"2024-07-31T17:19:55+00:00\" \/>\n<meta property=\"og:image\" content=\"https:\/\/dodiciorganic.com\/wp-content\/uploads\/2024\/04\/DODICI-Organic-e1714326206258.png\" \/>\n\t<meta property=\"og:image:width\" content=\"1155\" \/>\n\t<meta property=\"og:image:height\" content=\"649\" \/>\n\t<meta property=\"og:image:type\" content=\"image\/png\" \/>\n<meta name=\"twitter:card\" content=\"summary_large_image\" \/>\n<script type=\"application\/ld+json\" class=\"yoast-schema-graph\">{\"@context\":\"https:\\\/\\\/schema.org\",\"@graph\":[{\"@type\":\"WebPage\",\"@id\":\"https:\\\/\\\/dodiciorganic.com\\\/en\\\/zodiac-signs\\\/\",\"url\":\"https:\\\/\\\/dodiciorganic.com\\\/en\\\/zodiac-signs\\\/\",\"name\":\"Zodiac Signs - DODICI\",\"isPartOf\":{\"@id\":\"https:\\\/\\\/dodiciorganic.com\\\/#website\"},\"datePublished\":\"2024-04-16T17:21:12+00:00\",\"dateModified\":\"2024-07-31T17:19:55+00:00\",\"description\":\"Esimene tootesari Eestis, mis ammutab inspiratsiooni t\u00e4htkujudest ja nende m\u00fcstikast, tuues teieni ainulaadseid kooslusi, mis on loodud just teie t\u00e4htkuju isikup\u00e4ra silmas pidades. Dodici Organic tooted on looduslikud, rikkalikud ning luksuslikud, aidates teil taastada tasakaalu, rahu ja harmooniat oma igap\u00e4evaelus.\",\"breadcrumb\":{\"@id\":\"https:\\\/\\\/dodiciorganic.com\\\/en\\\/zodiac-signs\\\/#breadcrumb\"},\"inLanguage\":\"en-US\",\"potentialAction\":[{\"@type\":\"ReadAction\",\"target\":[\"https:\\\/\\\/dodiciorganic.com\\\/en\\\/zodiac-signs\\\/\"]}]},{\"@type\":\"BreadcrumbList\",\"@id\":\"https:\\\/\\\/dodiciorganic.com\\\/en\\\/zodiac-signs\\\/#breadcrumb\",\"itemListElement\":[{\"@type\":\"ListItem\",\"position\":1,\"name\":\"Home\",\"item\":\"https:\\\/\\\/dodiciorganic.com\\\/\"},{\"@type\":\"ListItem\",\"position\":2,\"name\":\"Zodiac Signs\"}]},{\"@type\":\"WebSite\",\"@id\":\"https:\\\/\\\/dodiciorganic.com\\\/#website\",\"url\":\"https:\\\/\\\/dodiciorganic.com\\\/\",\"name\":\"DODICI\",\"description\":\"Looge harmooniat, elage tasakaalus!\",\"publisher\":{\"@id\":\"https:\\\/\\\/dodiciorganic.com\\\/#organization\"},\"alternateName\":\"DODICI Organic\",\"potentialAction\":[{\"@type\":\"SearchAction\",\"target\":{\"@type\":\"EntryPoint\",\"urlTemplate\":\"https:\\\/\\\/dodiciorganic.com\\\/?s={search_term_string}\"},\"query-input\":{\"@type\":\"PropertyValueSpecification\",\"valueRequired\":true,\"valueName\":\"search_term_string\"}}],\"inLanguage\":\"en-US\"},{\"@type\":\"Organization\",\"@id\":\"https:\\\/\\\/dodiciorganic.com\\\/#organization\",\"name\":\"DODICI Organic\",\"alternateName\":\"DODICI\",\"url\":\"https:\\\/\\\/dodiciorganic.com\\\/\",\"logo\":{\"@type\":\"ImageObject\",\"inLanguage\":\"en-US\",\"@id\":\"https:\\\/\\\/dodiciorganic.com\\\/#\\\/schema\\\/logo\\\/image\\\/\",\"url\":\"https:\\\/\\\/dodiciorganic.com\\\/wp-content\\\/uploads\\\/2024\\\/03\\\/DODICI-Logo-scaled.png\",\"contentUrl\":\"https:\\\/\\\/dodiciorganic.com\\\/wp-content\\\/uploads\\\/2024\\\/03\\\/DODICI-Logo-scaled.png\",\"width\":2560,\"height\":424,\"caption\":\"DODICI Organic\"},\"image\":{\"@id\":\"https:\\\/\\\/dodiciorganic.com\\\/#\\\/schema\\\/logo\\\/image\\\/\"},\"sameAs\":[\"https:\\\/\\\/www.facebook.com\\\/dodiciorganic\\\/\",\"https:\\\/\\\/www.instagram.com\\\/dodiciorganic\\\/\"]}]}<\/script>\n<!-- \/ Yoast SEO plugin. -->","yoast_head_json":{"title":"Zodiac Signs - DODICI","description":"Esimene tootesari Eestis, mis ammutab inspiratsiooni t\u00e4htkujudest ja nende m\u00fcstikast, tuues teieni ainulaadseid kooslusi, mis on loodud just teie t\u00e4htkuju isikup\u00e4ra silmas pidades. Dodici Organic tooted on looduslikud, rikkalikud ning luksuslikud, aidates teil taastada tasakaalu, rahu ja harmooniat oma igap\u00e4evaelus.","robots":{"index":"index","follow":"follow","max-snippet":"max-snippet:-1","max-image-preview":"max-image-preview:large","max-video-preview":"max-video-preview:-1"},"canonical":"https:\/\/dodiciorganic.com\/en\/zodiac-signs\/","og_locale":"en_US","og_type":"article","og_title":"Zodiac Signs - DODICI","og_description":"Esimene tootesari Eestis, mis ammutab inspiratsiooni t\u00e4htkujudest ja nende m\u00fcstikast, tuues teieni ainulaadseid kooslusi, mis on loodud just teie t\u00e4htkuju isikup\u00e4ra silmas pidades. Dodici Organic tooted on looduslikud, rikkalikud ning luksuslikud, aidates teil taastada tasakaalu, rahu ja harmooniat oma igap\u00e4evaelus.","og_url":"https:\/\/dodiciorganic.com\/en\/zodiac-signs\/","og_site_name":"DODICI","article_publisher":"https:\/\/www.facebook.com\/dodiciorganic\/","article_modified_time":"2024-07-31T17:19:55+00:00","og_image":[{"width":1155,"height":649,"url":"https:\/\/dodiciorganic.com\/wp-content\/uploads\/2024\/04\/DODICI-Organic-e1714326206258.png","type":"image\/png"}],"twitter_card":"summary_large_image","schema":{"@context":"https:\/\/schema.org","@graph":[{"@type":"WebPage","@id":"https:\/\/dodiciorganic.com\/en\/zodiac-signs\/","url":"https:\/\/dodiciorganic.com\/en\/zodiac-signs\/","name":"Zodiac Signs - DODICI","isPartOf":{"@id":"https:\/\/dodiciorganic.com\/#website"},"datePublished":"2024-04-16T17:21:12+00:00","dateModified":"2024-07-31T17:19:55+00:00","description":"Esimene tootesari Eestis, mis ammutab inspiratsiooni t\u00e4htkujudest ja nende m\u00fcstikast, tuues teieni ainulaadseid kooslusi, mis on loodud just teie t\u00e4htkuju isikup\u00e4ra silmas pidades. Dodici Organic tooted on looduslikud, rikkalikud ning luksuslikud, aidates teil taastada tasakaalu, rahu ja harmooniat oma igap\u00e4evaelus.","breadcrumb":{"@id":"https:\/\/dodiciorganic.com\/en\/zodiac-signs\/#breadcrumb"},"inLanguage":"en-US","potentialAction":[{"@type":"ReadAction","target":["https:\/\/dodiciorganic.com\/en\/zodiac-signs\/"]}]},{"@type":"BreadcrumbList","@id":"https:\/\/dodiciorganic.com\/en\/zodiac-signs\/#breadcrumb","itemListElement":[{"@type":"ListItem","position":1,"name":"Home","item":"https:\/\/dodiciorganic.com\/"},{"@type":"ListItem","position":2,"name":"Zodiac Signs"}]},{"@type":"WebSite","@id":"https:\/\/dodiciorganic.com\/#website","url":"https:\/\/dodiciorganic.com\/","name":"DODICI","description":"Looge harmooniat, elage tasakaalus!","publisher":{"@id":"https:\/\/dodiciorganic.com\/#organization"},"alternateName":"DODICI Organic","potentialAction":[{"@type":"SearchAction","target":{"@type":"EntryPoint","urlTemplate":"https:\/\/dodiciorganic.com\/?s={search_term_string}"},"query-input":{"@type":"PropertyValueSpecification","valueRequired":true,"valueName":"search_term_string"}}],"inLanguage":"en-US"},{"@type":"Organization","@id":"https:\/\/dodiciorganic.com\/#organization","name":"DODICI Organic","alternateName":"DODICI","url":"https:\/\/dodiciorganic.com\/","logo":{"@type":"ImageObject","inLanguage":"en-US","@id":"https:\/\/dodiciorganic.com\/#\/schema\/logo\/image\/","url":"https:\/\/dodiciorganic.com\/wp-content\/uploads\/2024\/03\/DODICI-Logo-scaled.png","contentUrl":"https:\/\/dodiciorganic.com\/wp-content\/uploads\/2024\/03\/DODICI-Logo-scaled.png","width":2560,"height":424,"caption":"DODICI Organic"},"image":{"@id":"https:\/\/dodiciorganic.com\/#\/schema\/logo\/image\/"},"sameAs":["https:\/\/www.facebook.com\/dodiciorganic\/","https:\/\/www.instagram.com\/dodiciorganic\/"]}]}},"jetpack_sharing_enabled":true,"_links":{"self":[{"href":"https:\/\/dodiciorganic.com\/en\/wp-json\/wp\/v2\/pages\/2532","targetHints":{"allow":["GET"]}}],"collection":[{"href":"https:\/\/dodiciorganic.com\/en\/wp-json\/wp\/v2\/pages"}],"about":[{"href":"https:\/\/dodiciorganic.com\/en\/wp-json\/wp\/v2\/types\/page"}],"author":[{"embeddable":true,"href":"https:\/\/dodiciorganic.com\/en\/wp-json\/wp\/v2\/users\/1"}],"replies":[{"embeddable":true,"href":"https:\/\/dodiciorganic.com\/en\/wp-json\/wp\/v2\/comments?post=2532"}],"version-history":[{"count":1,"href":"https:\/\/dodiciorganic.com\/en\/wp-json\/wp\/v2\/pages\/2532\/revisions"}],"predecessor-version":[{"id":2533,"href":"https:\/\/dodiciorganic.com\/en\/wp-json\/wp\/v2\/pages\/2532\/revisions\/2533"}],"wp:attachment":[{"href":"https:\/\/dodiciorganic.com\/en\/wp-json\/wp\/v2\/media?parent=2532"}],"curies":[{"name":"wp","href":"https:\/\/api.w.org\/{rel}","templated":true}]}}