{"id":2603,"date":"2024-03-10T16:07:41","date_gmt":"2024-03-10T14:07:41","guid":{"rendered":"https:\/\/dodiciorganic.com\/?page_id=2603"},"modified":"2025-01-05T14:07:51","modified_gmt":"2025-01-05T12:07:51","slug":"contact","status":"publish","type":"page","link":"https:\/\/dodiciorganic.com\/en\/contact\/","title":{"rendered":"Contact"},"content":{"rendered":"\t\t<div data-elementor-type=\"wp-page\" data-elementor-id=\"2603\" class=\"elementor elementor-2603 elementor-47\" data-elementor-post-type=\"page\">\n\t\t\t\t<div class=\"elementor-element elementor-element-d63fbb0 animated-slow e-flex e-con-boxed elementor-invisible e-con e-parent\" data-id=\"d63fbb0\" data-element_type=\"container\" data-e-type=\"container\" data-settings=\"{&quot;animation&quot;:&quot;fadeIn&quot;}\">\n\t\t\t\t\t<div class=\"e-con-inner\">\n\t\t\t\t<div class=\"elementor-element elementor-element-dd9837b elementor-widget elementor-widget-heading\" data-id=\"dd9837b\" data-element_type=\"widget\" data-e-type=\"widget\" data-widget_type=\"heading.default\">\n\t\t\t\t<div class=\"elementor-widget-container\">\n\t\t\t\t\t<h2 class=\"elementor-heading-title elementor-size-default\">Contact<\/h2>\t\t\t\t<\/div>\n\t\t\t\t<\/div>\n\t\t\t\t<div class=\"elementor-element elementor-element-f63f7f7 elementor-widget elementor-widget-text-editor\" data-id=\"f63f7f7\" data-element_type=\"widget\" data-e-type=\"widget\" data-widget_type=\"text-editor.default\">\n\t\t\t\t<div class=\"elementor-widget-container\">\n\t\t\t\t\t\t\t\t\tBusiness name:<strong> Dei Lucrii O\u00dc\r\n<\/strong><span style=\"font-size: 16px;\">Registry code: 16533738\r\n<\/span>VAT No: EE102701948\r\nAdress: Pirita tee 20a\/1-77,\r\n12011 Tallinn, Estonia\r\n\r\n<strong>info@dodiciorganic.com<\/strong>\t\t\t\t\t\t\t\t<\/div>\n\t\t\t\t<\/div>\n\t\t\t\t<div class=\"elementor-element elementor-element-37731a0 elementor-widget-divider--view-line elementor-widget elementor-widget-divider\" data-id=\"37731a0\" data-element_type=\"widget\" data-e-type=\"widget\" data-widget_type=\"divider.default\">\n\t\t\t\t<div class=\"elementor-widget-container\">\n\t\t\t\t\t\t\t<div class=\"elementor-divider\">\n\t\t\t<span class=\"elementor-divider-separator\">\n\t\t\t\t\t\t<\/span>\n\t\t<\/div>\n\t\t\t\t\t\t<\/div>\n\t\t\t\t<\/div>\n\t\t\t\t<div class=\"elementor-element elementor-element-285ecbf elementor-widget elementor-widget-text-editor\" data-id=\"285ecbf\" data-element_type=\"widget\" data-e-type=\"widget\" data-widget_type=\"text-editor.default\">\n\t\t\t\t<div class=\"elementor-widget-container\">\n\t\t\t\t\t\t\t\t\t<p><strong>Kadri Lutus<br \/><\/strong>kadri@dodiciorganic.com<\/p>\n\t\t\t\t\t\t\t\t<\/div>\n\t\t\t\t<\/div>\n\t\t\t\t<div class=\"elementor-element elementor-element-c6a59cb elementor-widget elementor-widget-image\" data-id=\"c6a59cb\" data-element_type=\"widget\" data-e-type=\"widget\" data-widget_type=\"image.default\">\n\t\t\t\t<div class=\"elementor-widget-container\">\n\t\t\t\t\t\t\t\t\t\t\t\t\t\t\t<img fetchpriority=\"high\" decoding=\"async\" width=\"300\" height=\"300\" src=\"https:\/\/dodiciorganic.com\/wp-content\/uploads\/2024\/04\/D20_stargate-gold-effect-300x300.png\" class=\"attachment-medium size-medium wp-image-2438\" alt=\"\" srcset=\"https:\/\/dodiciorganic.com\/wp-content\/uploads\/2024\/04\/D20_stargate-gold-effect-300x300.png 300w, https:\/\/dodiciorganic.com\/wp-content\/uploads\/2024\/04\/D20_stargate-gold-effect-800x800.png 800w, https:\/\/dodiciorganic.com\/wp-content\/uploads\/2024\/04\/D20_stargate-gold-effect-100x100.png 100w, https:\/\/dodiciorganic.com\/wp-content\/uploads\/2024\/04\/D20_stargate-gold-effect-1200x1200.png 1200w, https:\/\/dodiciorganic.com\/wp-content\/uploads\/2024\/04\/D20_stargate-gold-effect-1024x1024.png 1024w, https:\/\/dodiciorganic.com\/wp-content\/uploads\/2024\/04\/D20_stargate-gold-effect-150x150.png 150w, https:\/\/dodiciorganic.com\/wp-content\/uploads\/2024\/04\/D20_stargate-gold-effect-768x768.png 768w, https:\/\/dodiciorganic.com\/wp-content\/uploads\/2024\/04\/D20_stargate-gold-effect-1536x1536.png 1536w, https:\/\/dodiciorganic.com\/wp-content\/uploads\/2024\/04\/D20_stargate-gold-effect.png 1772w\" sizes=\"(max-width: 300px) 100vw, 300px\" \/>\t\t\t\t\t\t\t\t\t\t\t\t\t\t\t<\/div>\n\t\t\t\t<\/div>\n\t\t\t\t\t<\/div>\n\t\t\t\t<\/div>\n\t\t\t\t<\/div>\n\t\t","protected":false},"excerpt":{"rendered":"<p>Contact Business name: Dei Lucrii O\u00dc Registry code: 16533738 VAT No: EE102701948 Adress: Pirita tee 20a\/1-77, 12011 Tallinn, Estonia info@dodiciorganic.com [&hellip;]<\/p>\n","protected":false},"author":1,"featured_media":0,"parent":0,"menu_order":0,"comment_status":"closed","ping_status":"closed","template":"","meta":{"site-sidebar-layout":"no-sidebar","site-content-layout":"","ast-site-content-layout":"normal-width-container","site-content-style":"default","site-sidebar-style":"default","ast-global-header-display":"","ast-banner-title-visibility":"","ast-main-header-display":"","ast-hfb-above-header-display":"","ast-hfb-below-header-display":"","ast-hfb-mobile-header-display":"","site-post-title":"disabled","ast-breadcrumbs-content":"","ast-featured-img":"disabled","footer-sml-layout":"","ast-disable-related-posts":"","theme-transparent-header-meta":"default","adv-header-id-meta":"","stick-header-meta":"default","header-above-stick-meta":"","header-main-stick-meta":"","header-below-stick-meta":"","astra-migrate-meta-layouts":"default","ast-page-background-enabled":"default","ast-page-background-meta":{"desktop":{"background-color":"var(--ast-global-color-4)","background-image":"","background-repeat":"repeat","background-position":"center center","background-size":"auto","background-attachment":"scroll","background-type":"","background-media":"","overlay-type":"","overlay-color":"","overlay-opacity":"","overlay-gradient":""},"tablet":{"background-color":"","background-image":"","background-repeat":"repeat","background-position":"center center","background-size":"auto","background-attachment":"scroll","background-type":"","background-media":"","overlay-type":"","overlay-color":"","overlay-opacity":"","overlay-gradient":""},"mobile":{"background-color":"","background-image":"","background-repeat":"repeat","background-position":"center center","background-size":"auto","background-attachment":"scroll","background-type":"","background-media":"","overlay-type":"","overlay-color":"","overlay-opacity":"","overlay-gradient":""}},"ast-content-background-meta":{"desktop":{"background-color":"var(--ast-global-color-5)","background-image":"","background-repeat":"repeat","background-position":"center center","background-size":"auto","background-attachment":"scroll","background-type":"","background-media":"","overlay-type":"","overlay-color":"","overlay-opacity":"","overlay-gradient":""},"tablet":{"background-color":"var(--ast-global-color-5)","background-image":"","background-repeat":"repeat","background-position":"center center","background-size":"auto","background-attachment":"scroll","background-type":"","background-media":"","overlay-type":"","overlay-color":"","overlay-opacity":"","overlay-gradient":""},"mobile":{"background-color":"var(--ast-global-color-5)","background-image":"","background-repeat":"repeat","background-position":"center center","background-size":"auto","background-attachment":"scroll","background-type":"","background-media":"","overlay-type":"","overlay-color":"","overlay-opacity":"","overlay-gradient":""}},"footnotes":""},"class_list":["post-2603","page","type-page","status-publish","hentry"],"yoast_head":"<!-- This site is optimized with the Yoast SEO plugin v27.4 - https:\/\/yoast.com\/product\/yoast-seo-wordpress\/ -->\n<title>Contact - DODICI<\/title>\n<meta name=\"description\" content=\"Esimene tootesari Eestis, mis ammutab inspiratsiooni t\u00e4htkujudest ja nende m\u00fcstikast, tuues teieni ainulaadseid kooslusi, mis on loodud just teie t\u00e4htkuju isikup\u00e4ra silmas pidades. Dodici Organic tooted on looduslikud, rikkalikud ning luksuslikud, aidates teil taastada tasakaalu, rahu ja harmooniat oma igap\u00e4evaelus.\" \/>\n<meta name=\"robots\" content=\"index, follow, max-snippet:-1, max-image-preview:large, max-video-preview:-1\" \/>\n<link rel=\"canonical\" href=\"https:\/\/dodiciorganic.com\/kontakt\/\" \/>\n<meta property=\"og:locale\" content=\"en_US\" \/>\n<meta property=\"og:type\" content=\"article\" \/>\n<meta property=\"og:title\" content=\"Contact - DODICI\" \/>\n<meta property=\"og:description\" content=\"Esimene tootesari Eestis, mis ammutab inspiratsiooni t\u00e4htkujudest ja nende m\u00fcstikast, tuues teieni ainulaadseid kooslusi, mis on loodud just teie t\u00e4htkuju isikup\u00e4ra silmas pidades. Dodici Organic tooted on looduslikud, rikkalikud ning luksuslikud, aidates teil taastada tasakaalu, rahu ja harmooniat oma igap\u00e4evaelus.\" \/>\n<meta property=\"og:url\" content=\"https:\/\/dodiciorganic.com\/kontakt\/\" \/>\n<meta property=\"og:site_name\" content=\"DODICI\" \/>\n<meta property=\"article:publisher\" content=\"https:\/\/www.facebook.com\/dodiciorganic\/\" \/>\n<meta property=\"article:modified_time\" content=\"2025-01-05T12:07:51+00:00\" \/>\n<meta property=\"og:image\" content=\"https:\/\/dodiciorganic.com\/wp-content\/uploads\/2024\/04\/D20_stargate-gold-effect.png\" \/>\n\t<meta property=\"og:image:width\" content=\"1772\" \/>\n\t<meta property=\"og:image:height\" content=\"1772\" \/>\n\t<meta property=\"og:image:type\" content=\"image\/png\" \/>\n<meta name=\"twitter:card\" content=\"summary_large_image\" \/>\n<script type=\"application\/ld+json\" class=\"yoast-schema-graph\">{\"@context\":\"https:\\\/\\\/schema.org\",\"@graph\":[{\"@type\":\"WebPage\",\"@id\":\"https:\\\/\\\/dodiciorganic.com\\\/kontakt\\\/\",\"url\":\"https:\\\/\\\/dodiciorganic.com\\\/kontakt\\\/\",\"name\":\"Contact - DODICI\",\"isPartOf\":{\"@id\":\"https:\\\/\\\/dodiciorganic.com\\\/#website\"},\"primaryImageOfPage\":{\"@id\":\"https:\\\/\\\/dodiciorganic.com\\\/kontakt\\\/#primaryimage\"},\"image\":{\"@id\":\"https:\\\/\\\/dodiciorganic.com\\\/kontakt\\\/#primaryimage\"},\"thumbnailUrl\":\"https:\\\/\\\/dodiciorganic.com\\\/wp-content\\\/uploads\\\/2024\\\/04\\\/D20_stargate-gold-effect-300x300.png\",\"datePublished\":\"2024-03-10T14:07:41+00:00\",\"dateModified\":\"2025-01-05T12:07:51+00:00\",\"description\":\"Esimene tootesari Eestis, mis ammutab inspiratsiooni t\u00e4htkujudest ja nende m\u00fcstikast, tuues teieni ainulaadseid kooslusi, mis on loodud just teie t\u00e4htkuju isikup\u00e4ra silmas pidades. Dodici Organic tooted on looduslikud, rikkalikud ning luksuslikud, aidates teil taastada tasakaalu, rahu ja harmooniat oma igap\u00e4evaelus.\",\"breadcrumb\":{\"@id\":\"https:\\\/\\\/dodiciorganic.com\\\/kontakt\\\/#breadcrumb\"},\"inLanguage\":\"en-US\",\"potentialAction\":[{\"@type\":\"ReadAction\",\"target\":[\"https:\\\/\\\/dodiciorganic.com\\\/kontakt\\\/\"]}]},{\"@type\":\"ImageObject\",\"inLanguage\":\"en-US\",\"@id\":\"https:\\\/\\\/dodiciorganic.com\\\/kontakt\\\/#primaryimage\",\"url\":\"https:\\\/\\\/dodiciorganic.com\\\/wp-content\\\/uploads\\\/2024\\\/04\\\/D20_stargate-gold-effect-300x300.png\",\"contentUrl\":\"https:\\\/\\\/dodiciorganic.com\\\/wp-content\\\/uploads\\\/2024\\\/04\\\/D20_stargate-gold-effect-300x300.png\"},{\"@type\":\"BreadcrumbList\",\"@id\":\"https:\\\/\\\/dodiciorganic.com\\\/kontakt\\\/#breadcrumb\",\"itemListElement\":[{\"@type\":\"ListItem\",\"position\":1,\"name\":\"Home\",\"item\":\"https:\\\/\\\/dodiciorganic.com\\\/\"},{\"@type\":\"ListItem\",\"position\":2,\"name\":\"Contact\"}]},{\"@type\":\"WebSite\",\"@id\":\"https:\\\/\\\/dodiciorganic.com\\\/#website\",\"url\":\"https:\\\/\\\/dodiciorganic.com\\\/\",\"name\":\"DODICI\",\"description\":\"Looge harmooniat, elage tasakaalus!\",\"publisher\":{\"@id\":\"https:\\\/\\\/dodiciorganic.com\\\/#organization\"},\"alternateName\":\"DODICI Organic\",\"potentialAction\":[{\"@type\":\"SearchAction\",\"target\":{\"@type\":\"EntryPoint\",\"urlTemplate\":\"https:\\\/\\\/dodiciorganic.com\\\/?s={search_term_string}\"},\"query-input\":{\"@type\":\"PropertyValueSpecification\",\"valueRequired\":true,\"valueName\":\"search_term_string\"}}],\"inLanguage\":\"en-US\"},{\"@type\":\"Organization\",\"@id\":\"https:\\\/\\\/dodiciorganic.com\\\/#organization\",\"name\":\"DODICI Organic\",\"alternateName\":\"DODICI\",\"url\":\"https:\\\/\\\/dodiciorganic.com\\\/\",\"logo\":{\"@type\":\"ImageObject\",\"inLanguage\":\"en-US\",\"@id\":\"https:\\\/\\\/dodiciorganic.com\\\/#\\\/schema\\\/logo\\\/image\\\/\",\"url\":\"https:\\\/\\\/dodiciorganic.com\\\/wp-content\\\/uploads\\\/2024\\\/03\\\/DODICI-Logo-scaled.png\",\"contentUrl\":\"https:\\\/\\\/dodiciorganic.com\\\/wp-content\\\/uploads\\\/2024\\\/03\\\/DODICI-Logo-scaled.png\",\"width\":2560,\"height\":424,\"caption\":\"DODICI Organic\"},\"image\":{\"@id\":\"https:\\\/\\\/dodiciorganic.com\\\/#\\\/schema\\\/logo\\\/image\\\/\"},\"sameAs\":[\"https:\\\/\\\/www.facebook.com\\\/dodiciorganic\\\/\",\"https:\\\/\\\/www.instagram.com\\\/dodiciorganic\\\/\"]}]}<\/script>\n<!-- \/ Yoast SEO plugin. -->","yoast_head_json":{"title":"Contact - DODICI","description":"Esimene tootesari Eestis, mis ammutab inspiratsiooni t\u00e4htkujudest ja nende m\u00fcstikast, tuues teieni ainulaadseid kooslusi, mis on loodud just teie t\u00e4htkuju isikup\u00e4ra silmas pidades. Dodici Organic tooted on looduslikud, rikkalikud ning luksuslikud, aidates teil taastada tasakaalu, rahu ja harmooniat oma igap\u00e4evaelus.","robots":{"index":"index","follow":"follow","max-snippet":"max-snippet:-1","max-image-preview":"max-image-preview:large","max-video-preview":"max-video-preview:-1"},"canonical":"https:\/\/dodiciorganic.com\/kontakt\/","og_locale":"en_US","og_type":"article","og_title":"Contact - DODICI","og_description":"Esimene tootesari Eestis, mis ammutab inspiratsiooni t\u00e4htkujudest ja nende m\u00fcstikast, tuues teieni ainulaadseid kooslusi, mis on loodud just teie t\u00e4htkuju isikup\u00e4ra silmas pidades. Dodici Organic tooted on looduslikud, rikkalikud ning luksuslikud, aidates teil taastada tasakaalu, rahu ja harmooniat oma igap\u00e4evaelus.","og_url":"https:\/\/dodiciorganic.com\/kontakt\/","og_site_name":"DODICI","article_publisher":"https:\/\/www.facebook.com\/dodiciorganic\/","article_modified_time":"2025-01-05T12:07:51+00:00","og_image":[{"width":1772,"height":1772,"url":"https:\/\/dodiciorganic.com\/wp-content\/uploads\/2024\/04\/D20_stargate-gold-effect.png","type":"image\/png"}],"twitter_card":"summary_large_image","schema":{"@context":"https:\/\/schema.org","@graph":[{"@type":"WebPage","@id":"https:\/\/dodiciorganic.com\/kontakt\/","url":"https:\/\/dodiciorganic.com\/kontakt\/","name":"Contact - DODICI","isPartOf":{"@id":"https:\/\/dodiciorganic.com\/#website"},"primaryImageOfPage":{"@id":"https:\/\/dodiciorganic.com\/kontakt\/#primaryimage"},"image":{"@id":"https:\/\/dodiciorganic.com\/kontakt\/#primaryimage"},"thumbnailUrl":"https:\/\/dodiciorganic.com\/wp-content\/uploads\/2024\/04\/D20_stargate-gold-effect-300x300.png","datePublished":"2024-03-10T14:07:41+00:00","dateModified":"2025-01-05T12:07:51+00:00","description":"Esimene tootesari Eestis, mis ammutab inspiratsiooni t\u00e4htkujudest ja nende m\u00fcstikast, tuues teieni ainulaadseid kooslusi, mis on loodud just teie t\u00e4htkuju isikup\u00e4ra silmas pidades. Dodici Organic tooted on looduslikud, rikkalikud ning luksuslikud, aidates teil taastada tasakaalu, rahu ja harmooniat oma igap\u00e4evaelus.","breadcrumb":{"@id":"https:\/\/dodiciorganic.com\/kontakt\/#breadcrumb"},"inLanguage":"en-US","potentialAction":[{"@type":"ReadAction","target":["https:\/\/dodiciorganic.com\/kontakt\/"]}]},{"@type":"ImageObject","inLanguage":"en-US","@id":"https:\/\/dodiciorganic.com\/kontakt\/#primaryimage","url":"https:\/\/dodiciorganic.com\/wp-content\/uploads\/2024\/04\/D20_stargate-gold-effect-300x300.png","contentUrl":"https:\/\/dodiciorganic.com\/wp-content\/uploads\/2024\/04\/D20_stargate-gold-effect-300x300.png"},{"@type":"BreadcrumbList","@id":"https:\/\/dodiciorganic.com\/kontakt\/#breadcrumb","itemListElement":[{"@type":"ListItem","position":1,"name":"Home","item":"https:\/\/dodiciorganic.com\/"},{"@type":"ListItem","position":2,"name":"Contact"}]},{"@type":"WebSite","@id":"https:\/\/dodiciorganic.com\/#website","url":"https:\/\/dodiciorganic.com\/","name":"DODICI","description":"Looge harmooniat, elage tasakaalus!","publisher":{"@id":"https:\/\/dodiciorganic.com\/#organization"},"alternateName":"DODICI Organic","potentialAction":[{"@type":"SearchAction","target":{"@type":"EntryPoint","urlTemplate":"https:\/\/dodiciorganic.com\/?s={search_term_string}"},"query-input":{"@type":"PropertyValueSpecification","valueRequired":true,"valueName":"search_term_string"}}],"inLanguage":"en-US"},{"@type":"Organization","@id":"https:\/\/dodiciorganic.com\/#organization","name":"DODICI Organic","alternateName":"DODICI","url":"https:\/\/dodiciorganic.com\/","logo":{"@type":"ImageObject","inLanguage":"en-US","@id":"https:\/\/dodiciorganic.com\/#\/schema\/logo\/image\/","url":"https:\/\/dodiciorganic.com\/wp-content\/uploads\/2024\/03\/DODICI-Logo-scaled.png","contentUrl":"https:\/\/dodiciorganic.com\/wp-content\/uploads\/2024\/03\/DODICI-Logo-scaled.png","width":2560,"height":424,"caption":"DODICI Organic"},"image":{"@id":"https:\/\/dodiciorganic.com\/#\/schema\/logo\/image\/"},"sameAs":["https:\/\/www.facebook.com\/dodiciorganic\/","https:\/\/www.instagram.com\/dodiciorganic\/"]}]}},"jetpack_sharing_enabled":true,"_links":{"self":[{"href":"https:\/\/dodiciorganic.com\/en\/wp-json\/wp\/v2\/pages\/2603","targetHints":{"allow":["GET"]}}],"collection":[{"href":"https:\/\/dodiciorganic.com\/en\/wp-json\/wp\/v2\/pages"}],"about":[{"href":"https:\/\/dodiciorganic.com\/en\/wp-json\/wp\/v2\/types\/page"}],"author":[{"embeddable":true,"href":"https:\/\/dodiciorganic.com\/en\/wp-json\/wp\/v2\/users\/1"}],"replies":[{"embeddable":true,"href":"https:\/\/dodiciorganic.com\/en\/wp-json\/wp\/v2\/comments?post=2603"}],"version-history":[{"count":8,"href":"https:\/\/dodiciorganic.com\/en\/wp-json\/wp\/v2\/pages\/2603\/revisions"}],"predecessor-version":[{"id":3698,"href":"https:\/\/dodiciorganic.com\/en\/wp-json\/wp\/v2\/pages\/2603\/revisions\/3698"}],"wp:attachment":[{"href":"https:\/\/dodiciorganic.com\/en\/wp-json\/wp\/v2\/media?parent=2603"}],"curies":[{"name":"wp","href":"https:\/\/api.w.org\/{rel}","templated":true}]}}