{"id":2609,"date":"2024-06-02T17:49:54","date_gmt":"2024-06-02T14:49:54","guid":{"rendered":"https:\/\/dodiciorganic.com\/?page_id=2609"},"modified":"2024-07-31T20:19:36","modified_gmt":"2024-07-31T17:19:36","slug":"read-more","status":"publish","type":"page","link":"https:\/\/dodiciorganic.com\/en\/read-more\/","title":{"rendered":"Read More"},"content":{"rendered":"\t\t<div data-elementor-type=\"wp-page\" data-elementor-id=\"2609\" class=\"elementor elementor-2609 elementor-2063\" data-elementor-post-type=\"page\">\n\t\t\t\t<div class=\"elementor-element elementor-element-04249e9 animated-slow e-flex e-con-boxed elementor-invisible e-con e-parent\" data-id=\"04249e9\" data-element_type=\"container\" data-e-type=\"container\" data-settings=\"{&quot;animation&quot;:&quot;fadeIn&quot;}\">\n\t\t\t\t\t<div class=\"e-con-inner\">\n\t\t<div class=\"elementor-element elementor-element-3aac3c9 e-flex e-con-boxed e-con e-child\" data-id=\"3aac3c9\" data-element_type=\"container\" data-e-type=\"container\">\n\t\t\t\t\t<div class=\"e-con-inner\">\n\t\t\t\t<div class=\"elementor-element elementor-element-70711bf elementor-widget elementor-widget-spacer\" data-id=\"70711bf\" data-element_type=\"widget\" data-e-type=\"widget\" data-widget_type=\"spacer.default\">\n\t\t\t\t<div class=\"elementor-widget-container\">\n\t\t\t\t\t\t\t<div class=\"elementor-spacer\">\n\t\t\t<div class=\"elementor-spacer-inner\"><\/div>\n\t\t<\/div>\n\t\t\t\t\t\t<\/div>\n\t\t\t\t<\/div>\n\t\t\t\t<div class=\"elementor-element elementor-element-4fd3838 elementor-widget elementor-widget-heading\" data-id=\"4fd3838\" data-element_type=\"widget\" data-e-type=\"widget\" data-widget_type=\"heading.default\">\n\t\t\t\t<div class=\"elementor-widget-container\">\n\t\t\t\t\t<h1 class=\"elementor-heading-title elementor-size-default\">Read More<\/h1>\t\t\t\t<\/div>\n\t\t\t\t<\/div>\n\t\t\t\t<div class=\"elementor-element elementor-element-e01a0ef elementor-widget elementor-widget-spacer\" data-id=\"e01a0ef\" data-element_type=\"widget\" data-e-type=\"widget\" data-widget_type=\"spacer.default\">\n\t\t\t\t<div class=\"elementor-widget-container\">\n\t\t\t\t\t\t\t<div class=\"elementor-spacer\">\n\t\t\t<div class=\"elementor-spacer-inner\"><\/div>\n\t\t<\/div>\n\t\t\t\t\t\t<\/div>\n\t\t\t\t<\/div>\n\t\t\t\t<div class=\"elementor-element elementor-element-b935355 elementor-widget elementor-widget-heading\" data-id=\"b935355\" data-element_type=\"widget\" data-e-type=\"widget\" data-widget_type=\"heading.default\">\n\t\t\t\t<div class=\"elementor-widget-container\">\n\t\t\t\t\t<h3 class=\"elementor-heading-title elementor-size-default\">Gua Sha<\/h3>\t\t\t\t<\/div>\n\t\t\t\t<\/div>\n\t\t\t\t<div class=\"elementor-element elementor-element-f60b673 elementor-widget elementor-widget-spacer\" data-id=\"f60b673\" data-element_type=\"widget\" data-e-type=\"widget\" data-widget_type=\"spacer.default\">\n\t\t\t\t<div class=\"elementor-widget-container\">\n\t\t\t\t\t\t\t<div class=\"elementor-spacer\">\n\t\t\t<div class=\"elementor-spacer-inner\"><\/div>\n\t\t<\/div>\n\t\t\t\t\t\t<\/div>\n\t\t\t\t<\/div>\n\t\t\t\t<div class=\"elementor-element elementor-element-771d2aa elementor-widget elementor-widget-heading\" data-id=\"771d2aa\" data-element_type=\"widget\" data-e-type=\"widget\" data-widget_type=\"heading.default\">\n\t\t\t\t<div class=\"elementor-widget-container\">\n\t\t\t\t\t<h3 class=\"elementor-heading-title elementor-size-default\">Meditation<\/h3>\t\t\t\t<\/div>\n\t\t\t\t<\/div>\n\t\t\t\t<div class=\"elementor-element elementor-element-e0ca755 elementor-widget elementor-widget-spacer\" data-id=\"e0ca755\" data-element_type=\"widget\" data-e-type=\"widget\" data-widget_type=\"spacer.default\">\n\t\t\t\t<div class=\"elementor-widget-container\">\n\t\t\t\t\t\t\t<div class=\"elementor-spacer\">\n\t\t\t<div class=\"elementor-spacer-inner\"><\/div>\n\t\t<\/div>\n\t\t\t\t\t\t<\/div>\n\t\t\t\t<\/div>\n\t\t\t\t<div class=\"elementor-element elementor-element-919273e elementor-widget elementor-widget-image\" data-id=\"919273e\" data-element_type=\"widget\" data-e-type=\"widget\" data-widget_type=\"image.default\">\n\t\t\t\t<div class=\"elementor-widget-container\">\n\t\t\t\t\t\t\t\t\t\t\t\t\t\t\t<img fetchpriority=\"high\" decoding=\"async\" width=\"300\" height=\"300\" src=\"https:\/\/dodiciorganic.com\/wp-content\/uploads\/2024\/04\/D20_stargate-gold-effect-300x300.png\" class=\"attachment-medium size-medium wp-image-2438\" alt=\"\" srcset=\"https:\/\/dodiciorganic.com\/wp-content\/uploads\/2024\/04\/D20_stargate-gold-effect-300x300.png 300w, https:\/\/dodiciorganic.com\/wp-content\/uploads\/2024\/04\/D20_stargate-gold-effect-800x800.png 800w, https:\/\/dodiciorganic.com\/wp-content\/uploads\/2024\/04\/D20_stargate-gold-effect-100x100.png 100w, https:\/\/dodiciorganic.com\/wp-content\/uploads\/2024\/04\/D20_stargate-gold-effect-1200x1200.png 1200w, https:\/\/dodiciorganic.com\/wp-content\/uploads\/2024\/04\/D20_stargate-gold-effect-1024x1024.png 1024w, https:\/\/dodiciorganic.com\/wp-content\/uploads\/2024\/04\/D20_stargate-gold-effect-150x150.png 150w, https:\/\/dodiciorganic.com\/wp-content\/uploads\/2024\/04\/D20_stargate-gold-effect-768x768.png 768w, https:\/\/dodiciorganic.com\/wp-content\/uploads\/2024\/04\/D20_stargate-gold-effect-1536x1536.png 1536w, https:\/\/dodiciorganic.com\/wp-content\/uploads\/2024\/04\/D20_stargate-gold-effect.png 1772w\" sizes=\"(max-width: 300px) 100vw, 300px\" \/>\t\t\t\t\t\t\t\t\t\t\t\t\t\t\t<\/div>\n\t\t\t\t<\/div>\n\t\t\t\t\t<\/div>\n\t\t\t\t<\/div>\n\t\t\t\t\t<\/div>\n\t\t\t\t<\/div>\n\t\t\t\t<\/div>\n\t\t","protected":false},"excerpt":{"rendered":"<p>Read More Gua Sha Meditation<\/p>\n","protected":false},"author":3,"featured_media":0,"parent":0,"menu_order":0,"comment_status":"closed","ping_status":"closed","template":"","meta":{"site-sidebar-layout":"no-sidebar","site-content-layout":"","ast-site-content-layout":"normal-width-container","site-content-style":"default","site-sidebar-style":"default","ast-global-header-display":"","ast-banner-title-visibility":"","ast-main-header-display":"","ast-hfb-above-header-display":"","ast-hfb-below-header-display":"","ast-hfb-mobile-header-display":"","site-post-title":"disabled","ast-breadcrumbs-content":"","ast-featured-img":"disabled","footer-sml-layout":"","ast-disable-related-posts":"","theme-transparent-header-meta":"default","adv-header-id-meta":"","stick-header-meta":"default","header-above-stick-meta":"","header-main-stick-meta":"","header-below-stick-meta":"","astra-migrate-meta-layouts":"default","ast-page-background-enabled":"default","ast-page-background-meta":{"desktop":{"background-color":"var(--ast-global-color-4)","background-image":"","background-repeat":"repeat","background-position":"center center","background-size":"auto","background-attachment":"scroll","background-type":"","background-media":"","overlay-type":"","overlay-color":"","overlay-opacity":"","overlay-gradient":""},"tablet":{"background-color":"","background-image":"","background-repeat":"repeat","background-position":"center center","background-size":"auto","background-attachment":"scroll","background-type":"","background-media":"","overlay-type":"","overlay-color":"","overlay-opacity":"","overlay-gradient":""},"mobile":{"background-color":"","background-image":"","background-repeat":"repeat","background-position":"center center","background-size":"auto","background-attachment":"scroll","background-type":"","background-media":"","overlay-type":"","overlay-color":"","overlay-opacity":"","overlay-gradient":""}},"ast-content-background-meta":{"desktop":{"background-color":"var(--ast-global-color-5)","background-image":"","background-repeat":"repeat","background-position":"center center","background-size":"auto","background-attachment":"scroll","background-type":"","background-media":"","overlay-type":"","overlay-color":"","overlay-opacity":"","overlay-gradient":""},"tablet":{"background-color":"var(--ast-global-color-5)","background-image":"","background-repeat":"repeat","background-position":"center center","background-size":"auto","background-attachment":"scroll","background-type":"","background-media":"","overlay-type":"","overlay-color":"","overlay-opacity":"","overlay-gradient":""},"mobile":{"background-color":"var(--ast-global-color-5)","background-image":"","background-repeat":"repeat","background-position":"center center","background-size":"auto","background-attachment":"scroll","background-type":"","background-media":"","overlay-type":"","overlay-color":"","overlay-opacity":"","overlay-gradient":""}},"footnotes":""},"class_list":["post-2609","page","type-page","status-publish","hentry"],"yoast_head":"<!-- This site is optimized with the Yoast SEO plugin v27.3 - https:\/\/yoast.com\/product\/yoast-seo-wordpress\/ -->\n<title>Read More - DODICI<\/title>\n<meta name=\"description\" content=\"Esimene tootesari Eestis, mis ammutab inspiratsiooni t\u00e4htkujudest ja nende m\u00fcstikast, tuues teieni ainulaadseid kooslusi, mis on loodud just teie t\u00e4htkuju isikup\u00e4ra silmas pidades. Dodici Organic tooted on looduslikud, rikkalikud ning luksuslikud, aidates teil taastada tasakaalu, rahu ja harmooniat oma igap\u00e4evaelus.\" \/>\n<meta name=\"robots\" content=\"index, follow, max-snippet:-1, max-image-preview:large, max-video-preview:-1\" \/>\n<link rel=\"canonical\" href=\"https:\/\/dodiciorganic.com\/en\/read-more\/\" \/>\n<meta property=\"og:locale\" content=\"en_US\" \/>\n<meta property=\"og:type\" content=\"article\" \/>\n<meta property=\"og:title\" content=\"Read More - DODICI\" \/>\n<meta property=\"og:description\" content=\"Esimene tootesari Eestis, mis ammutab inspiratsiooni t\u00e4htkujudest ja nende m\u00fcstikast, tuues teieni ainulaadseid kooslusi, mis on loodud just teie t\u00e4htkuju isikup\u00e4ra silmas pidades. Dodici Organic tooted on looduslikud, rikkalikud ning luksuslikud, aidates teil taastada tasakaalu, rahu ja harmooniat oma igap\u00e4evaelus.\" \/>\n<meta property=\"og:url\" content=\"https:\/\/dodiciorganic.com\/en\/read-more\/\" \/>\n<meta property=\"og:site_name\" content=\"DODICI\" \/>\n<meta property=\"article:publisher\" content=\"https:\/\/www.facebook.com\/dodiciorganic\/\" \/>\n<meta property=\"article:modified_time\" content=\"2024-07-31T17:19:36+00:00\" \/>\n<meta property=\"og:image\" content=\"https:\/\/dodiciorganic.com\/wp-content\/uploads\/2024\/04\/D20_stargate-gold-effect-300x300.png\" \/>\n<meta name=\"twitter:card\" content=\"summary_large_image\" \/>\n<script type=\"application\/ld+json\" class=\"yoast-schema-graph\">{\"@context\":\"https:\\\/\\\/schema.org\",\"@graph\":[{\"@type\":\"WebPage\",\"@id\":\"https:\\\/\\\/dodiciorganic.com\\\/en\\\/read-more\\\/\",\"url\":\"https:\\\/\\\/dodiciorganic.com\\\/en\\\/read-more\\\/\",\"name\":\"Read More - DODICI\",\"isPartOf\":{\"@id\":\"https:\\\/\\\/dodiciorganic.com\\\/#website\"},\"primaryImageOfPage\":{\"@id\":\"https:\\\/\\\/dodiciorganic.com\\\/en\\\/read-more\\\/#primaryimage\"},\"image\":{\"@id\":\"https:\\\/\\\/dodiciorganic.com\\\/en\\\/read-more\\\/#primaryimage\"},\"thumbnailUrl\":\"https:\\\/\\\/dodiciorganic.com\\\/wp-content\\\/uploads\\\/2024\\\/04\\\/D20_stargate-gold-effect-300x300.png\",\"datePublished\":\"2024-06-02T14:49:54+00:00\",\"dateModified\":\"2024-07-31T17:19:36+00:00\",\"description\":\"Esimene tootesari Eestis, mis ammutab inspiratsiooni t\u00e4htkujudest ja nende m\u00fcstikast, tuues teieni ainulaadseid kooslusi, mis on loodud just teie t\u00e4htkuju isikup\u00e4ra silmas pidades. Dodici Organic tooted on looduslikud, rikkalikud ning luksuslikud, aidates teil taastada tasakaalu, rahu ja harmooniat oma igap\u00e4evaelus.\",\"breadcrumb\":{\"@id\":\"https:\\\/\\\/dodiciorganic.com\\\/en\\\/read-more\\\/#breadcrumb\"},\"inLanguage\":\"en-US\",\"potentialAction\":[{\"@type\":\"ReadAction\",\"target\":[\"https:\\\/\\\/dodiciorganic.com\\\/en\\\/read-more\\\/\"]}]},{\"@type\":\"ImageObject\",\"inLanguage\":\"en-US\",\"@id\":\"https:\\\/\\\/dodiciorganic.com\\\/en\\\/read-more\\\/#primaryimage\",\"url\":\"https:\\\/\\\/dodiciorganic.com\\\/wp-content\\\/uploads\\\/2024\\\/04\\\/D20_stargate-gold-effect-300x300.png\",\"contentUrl\":\"https:\\\/\\\/dodiciorganic.com\\\/wp-content\\\/uploads\\\/2024\\\/04\\\/D20_stargate-gold-effect-300x300.png\"},{\"@type\":\"BreadcrumbList\",\"@id\":\"https:\\\/\\\/dodiciorganic.com\\\/en\\\/read-more\\\/#breadcrumb\",\"itemListElement\":[{\"@type\":\"ListItem\",\"position\":1,\"name\":\"Home\",\"item\":\"https:\\\/\\\/dodiciorganic.com\\\/\"},{\"@type\":\"ListItem\",\"position\":2,\"name\":\"Read More\"}]},{\"@type\":\"WebSite\",\"@id\":\"https:\\\/\\\/dodiciorganic.com\\\/#website\",\"url\":\"https:\\\/\\\/dodiciorganic.com\\\/\",\"name\":\"DODICI\",\"description\":\"Looge harmooniat, elage tasakaalus!\",\"publisher\":{\"@id\":\"https:\\\/\\\/dodiciorganic.com\\\/#organization\"},\"alternateName\":\"DODICI Organic\",\"potentialAction\":[{\"@type\":\"SearchAction\",\"target\":{\"@type\":\"EntryPoint\",\"urlTemplate\":\"https:\\\/\\\/dodiciorganic.com\\\/?s={search_term_string}\"},\"query-input\":{\"@type\":\"PropertyValueSpecification\",\"valueRequired\":true,\"valueName\":\"search_term_string\"}}],\"inLanguage\":\"en-US\"},{\"@type\":\"Organization\",\"@id\":\"https:\\\/\\\/dodiciorganic.com\\\/#organization\",\"name\":\"DODICI Organic\",\"alternateName\":\"DODICI\",\"url\":\"https:\\\/\\\/dodiciorganic.com\\\/\",\"logo\":{\"@type\":\"ImageObject\",\"inLanguage\":\"en-US\",\"@id\":\"https:\\\/\\\/dodiciorganic.com\\\/#\\\/schema\\\/logo\\\/image\\\/\",\"url\":\"https:\\\/\\\/dodiciorganic.com\\\/wp-content\\\/uploads\\\/2024\\\/03\\\/DODICI-Logo-scaled.png\",\"contentUrl\":\"https:\\\/\\\/dodiciorganic.com\\\/wp-content\\\/uploads\\\/2024\\\/03\\\/DODICI-Logo-scaled.png\",\"width\":2560,\"height\":424,\"caption\":\"DODICI Organic\"},\"image\":{\"@id\":\"https:\\\/\\\/dodiciorganic.com\\\/#\\\/schema\\\/logo\\\/image\\\/\"},\"sameAs\":[\"https:\\\/\\\/www.facebook.com\\\/dodiciorganic\\\/\",\"https:\\\/\\\/www.instagram.com\\\/dodiciorganic\\\/\"]}]}<\/script>\n<!-- \/ Yoast SEO plugin. -->","yoast_head_json":{"title":"Read More - DODICI","description":"Esimene tootesari Eestis, mis ammutab inspiratsiooni t\u00e4htkujudest ja nende m\u00fcstikast, tuues teieni ainulaadseid kooslusi, mis on loodud just teie t\u00e4htkuju isikup\u00e4ra silmas pidades. Dodici Organic tooted on looduslikud, rikkalikud ning luksuslikud, aidates teil taastada tasakaalu, rahu ja harmooniat oma igap\u00e4evaelus.","robots":{"index":"index","follow":"follow","max-snippet":"max-snippet:-1","max-image-preview":"max-image-preview:large","max-video-preview":"max-video-preview:-1"},"canonical":"https:\/\/dodiciorganic.com\/en\/read-more\/","og_locale":"en_US","og_type":"article","og_title":"Read More - DODICI","og_description":"Esimene tootesari Eestis, mis ammutab inspiratsiooni t\u00e4htkujudest ja nende m\u00fcstikast, tuues teieni ainulaadseid kooslusi, mis on loodud just teie t\u00e4htkuju isikup\u00e4ra silmas pidades. Dodici Organic tooted on looduslikud, rikkalikud ning luksuslikud, aidates teil taastada tasakaalu, rahu ja harmooniat oma igap\u00e4evaelus.","og_url":"https:\/\/dodiciorganic.com\/en\/read-more\/","og_site_name":"DODICI","article_publisher":"https:\/\/www.facebook.com\/dodiciorganic\/","article_modified_time":"2024-07-31T17:19:36+00:00","og_image":[{"url":"https:\/\/dodiciorganic.com\/wp-content\/uploads\/2024\/04\/D20_stargate-gold-effect-300x300.png","type":"","width":"","height":""}],"twitter_card":"summary_large_image","schema":{"@context":"https:\/\/schema.org","@graph":[{"@type":"WebPage","@id":"https:\/\/dodiciorganic.com\/en\/read-more\/","url":"https:\/\/dodiciorganic.com\/en\/read-more\/","name":"Read More - DODICI","isPartOf":{"@id":"https:\/\/dodiciorganic.com\/#website"},"primaryImageOfPage":{"@id":"https:\/\/dodiciorganic.com\/en\/read-more\/#primaryimage"},"image":{"@id":"https:\/\/dodiciorganic.com\/en\/read-more\/#primaryimage"},"thumbnailUrl":"https:\/\/dodiciorganic.com\/wp-content\/uploads\/2024\/04\/D20_stargate-gold-effect-300x300.png","datePublished":"2024-06-02T14:49:54+00:00","dateModified":"2024-07-31T17:19:36+00:00","description":"Esimene tootesari Eestis, mis ammutab inspiratsiooni t\u00e4htkujudest ja nende m\u00fcstikast, tuues teieni ainulaadseid kooslusi, mis on loodud just teie t\u00e4htkuju isikup\u00e4ra silmas pidades. Dodici Organic tooted on looduslikud, rikkalikud ning luksuslikud, aidates teil taastada tasakaalu, rahu ja harmooniat oma igap\u00e4evaelus.","breadcrumb":{"@id":"https:\/\/dodiciorganic.com\/en\/read-more\/#breadcrumb"},"inLanguage":"en-US","potentialAction":[{"@type":"ReadAction","target":["https:\/\/dodiciorganic.com\/en\/read-more\/"]}]},{"@type":"ImageObject","inLanguage":"en-US","@id":"https:\/\/dodiciorganic.com\/en\/read-more\/#primaryimage","url":"https:\/\/dodiciorganic.com\/wp-content\/uploads\/2024\/04\/D20_stargate-gold-effect-300x300.png","contentUrl":"https:\/\/dodiciorganic.com\/wp-content\/uploads\/2024\/04\/D20_stargate-gold-effect-300x300.png"},{"@type":"BreadcrumbList","@id":"https:\/\/dodiciorganic.com\/en\/read-more\/#breadcrumb","itemListElement":[{"@type":"ListItem","position":1,"name":"Home","item":"https:\/\/dodiciorganic.com\/"},{"@type":"ListItem","position":2,"name":"Read More"}]},{"@type":"WebSite","@id":"https:\/\/dodiciorganic.com\/#website","url":"https:\/\/dodiciorganic.com\/","name":"DODICI","description":"Looge harmooniat, elage tasakaalus!","publisher":{"@id":"https:\/\/dodiciorganic.com\/#organization"},"alternateName":"DODICI Organic","potentialAction":[{"@type":"SearchAction","target":{"@type":"EntryPoint","urlTemplate":"https:\/\/dodiciorganic.com\/?s={search_term_string}"},"query-input":{"@type":"PropertyValueSpecification","valueRequired":true,"valueName":"search_term_string"}}],"inLanguage":"en-US"},{"@type":"Organization","@id":"https:\/\/dodiciorganic.com\/#organization","name":"DODICI Organic","alternateName":"DODICI","url":"https:\/\/dodiciorganic.com\/","logo":{"@type":"ImageObject","inLanguage":"en-US","@id":"https:\/\/dodiciorganic.com\/#\/schema\/logo\/image\/","url":"https:\/\/dodiciorganic.com\/wp-content\/uploads\/2024\/03\/DODICI-Logo-scaled.png","contentUrl":"https:\/\/dodiciorganic.com\/wp-content\/uploads\/2024\/03\/DODICI-Logo-scaled.png","width":2560,"height":424,"caption":"DODICI Organic"},"image":{"@id":"https:\/\/dodiciorganic.com\/#\/schema\/logo\/image\/"},"sameAs":["https:\/\/www.facebook.com\/dodiciorganic\/","https:\/\/www.instagram.com\/dodiciorganic\/"]}]}},"jetpack_sharing_enabled":true,"_links":{"self":[{"href":"https:\/\/dodiciorganic.com\/en\/wp-json\/wp\/v2\/pages\/2609","targetHints":{"allow":["GET"]}}],"collection":[{"href":"https:\/\/dodiciorganic.com\/en\/wp-json\/wp\/v2\/pages"}],"about":[{"href":"https:\/\/dodiciorganic.com\/en\/wp-json\/wp\/v2\/types\/page"}],"author":[{"embeddable":true,"href":"https:\/\/dodiciorganic.com\/en\/wp-json\/wp\/v2\/users\/3"}],"replies":[{"embeddable":true,"href":"https:\/\/dodiciorganic.com\/en\/wp-json\/wp\/v2\/comments?post=2609"}],"version-history":[{"count":1,"href":"https:\/\/dodiciorganic.com\/en\/wp-json\/wp\/v2\/pages\/2609\/revisions"}],"predecessor-version":[{"id":2610,"href":"https:\/\/dodiciorganic.com\/en\/wp-json\/wp\/v2\/pages\/2609\/revisions\/2610"}],"wp:attachment":[{"href":"https:\/\/dodiciorganic.com\/en\/wp-json\/wp\/v2\/media?parent=2609"}],"curies":[{"name":"wp","href":"https:\/\/api.w.org\/{rel}","templated":true}]}}