{"id":2661,"date":"2024-03-30T17:51:38","date_gmt":"2024-03-30T15:51:38","guid":{"rendered":"https:\/\/dodiciorganic.com\/?page_id=2661"},"modified":"2024-08-19T16:58:55","modified_gmt":"2024-08-19T13:58:55","slug":"shipping-and-returns","status":"publish","type":"page","link":"https:\/\/dodiciorganic.com\/en\/shipping-and-returns\/","title":{"rendered":"Shipping and Returns"},"content":{"rendered":"\t\t<div data-elementor-type=\"wp-page\" data-elementor-id=\"2661\" class=\"elementor elementor-2661 elementor-76\" data-elementor-post-type=\"page\">\n\t\t\t\t<div class=\"elementor-element elementor-element-1d86484 animated-slow e-flex e-con-boxed elementor-invisible e-con e-parent\" data-id=\"1d86484\" data-element_type=\"container\" data-e-type=\"container\" data-settings=\"{&quot;animation&quot;:&quot;fadeIn&quot;}\">\n\t\t\t\t\t<div class=\"e-con-inner\">\n\t\t<div class=\"elementor-element elementor-element-cad7749 e-flex e-con-boxed e-con e-child\" data-id=\"cad7749\" data-element_type=\"container\" data-e-type=\"container\">\n\t\t\t\t\t<div class=\"e-con-inner\">\n\t\t\t\t<div class=\"elementor-element elementor-element-9cd4000 elementor-widget elementor-widget-heading\" data-id=\"9cd4000\" data-element_type=\"widget\" data-e-type=\"widget\" data-widget_type=\"heading.default\">\n\t\t\t\t<div class=\"elementor-widget-container\">\n\t\t\t\t\t<h2 class=\"elementor-heading-title elementor-size-default\">Shipping<\/h2>\t\t\t\t<\/div>\n\t\t\t\t<\/div>\n\t\t\t\t<div class=\"elementor-element elementor-element-98ae76b elementor-widget elementor-widget-text-editor\" data-id=\"98ae76b\" data-element_type=\"widget\" data-e-type=\"widget\" data-widget_type=\"text-editor.default\">\n\t\t\t\t<div class=\"elementor-widget-container\">\n\t\t\t\t\t\t\t\t\t<p style=\"font-weight: 400;\">We dispatch all packages within 1\u20133 business days. We exclusively use Itella SmartPost for shipping as all their parcel machines are located indoors, allowing us to ship packages year-round. The average delivery time is 2\u20135 days.<\/p>\n<p><span style=\"font-weight: 400;\">You can track your package&#8217;s journey here:<br \/>\nhttps:\/\/itella.ee\/en\/private-customer\/parcel-tracking\/<\/span><\/p>\n\t\t\t\t\t\t\t\t<\/div>\n\t\t\t\t<\/div>\n\t\t\t\t<div class=\"elementor-element elementor-element-9083a4b elementor-widget elementor-widget-heading\" data-id=\"9083a4b\" data-element_type=\"widget\" data-e-type=\"widget\" data-widget_type=\"heading.default\">\n\t\t\t\t<div class=\"elementor-widget-container\">\n\t\t\t\t\t<h2 class=\"elementor-heading-title elementor-size-default\">Returns<\/h2>\t\t\t\t<\/div>\n\t\t\t\t<\/div>\n\t\t\t\t<div class=\"elementor-element elementor-element-259e6e3 elementor-widget elementor-widget-text-editor\" data-id=\"259e6e3\" data-element_type=\"widget\" data-e-type=\"widget\" data-widget_type=\"text-editor.default\">\n\t\t\t\t<div class=\"elementor-widget-container\">\n\t\t\t\t\t\t\t\t\t<p style=\"font-weight: 400;\">If your package was delivered to a blue parcel machine, you can return it for free using the same door code within 14 days. Returning a package is as simple as receiving it \u2013 enter the necessary code at the locker and place the package in the machine.<\/p>\n<p style=\"font-weight: 400;\">If your package was delivered to a white parcel machine and you wish to return it, use the online form: <a href=\"https:\/\/my.smartpost.ee\/return_parcel\/\">https:\/\/my.smartpost.ee\/return_parcel\/<\/a><\/p>\n<p style=\"font-weight: 400;\">For more detailed information on returns, please refer to the following link.<span style=\"font-size: 16px;\"><br \/>\nhttps:\/\/itella.ee\/en\/how-to-return-your-parcel\/<\/span><\/p>\n\t\t\t\t\t\t\t\t<\/div>\n\t\t\t\t<\/div>\n\t\t\t\t<div class=\"elementor-element elementor-element-0662eb9 elementor-widget elementor-widget-image\" data-id=\"0662eb9\" data-element_type=\"widget\" data-e-type=\"widget\" data-widget_type=\"image.default\">\n\t\t\t\t<div class=\"elementor-widget-container\">\n\t\t\t\t\t\t\t\t\t\t\t\t\t\t\t<img fetchpriority=\"high\" decoding=\"async\" width=\"300\" height=\"300\" src=\"https:\/\/dodiciorganic.com\/wp-content\/uploads\/2024\/04\/D20_stargate-gold-effect-300x300.png\" class=\"attachment-medium size-medium wp-image-2438\" alt=\"\" srcset=\"https:\/\/dodiciorganic.com\/wp-content\/uploads\/2024\/04\/D20_stargate-gold-effect-300x300.png 300w, https:\/\/dodiciorganic.com\/wp-content\/uploads\/2024\/04\/D20_stargate-gold-effect-800x800.png 800w, https:\/\/dodiciorganic.com\/wp-content\/uploads\/2024\/04\/D20_stargate-gold-effect-100x100.png 100w, https:\/\/dodiciorganic.com\/wp-content\/uploads\/2024\/04\/D20_stargate-gold-effect-1200x1200.png 1200w, https:\/\/dodiciorganic.com\/wp-content\/uploads\/2024\/04\/D20_stargate-gold-effect-1024x1024.png 1024w, https:\/\/dodiciorganic.com\/wp-content\/uploads\/2024\/04\/D20_stargate-gold-effect-150x150.png 150w, https:\/\/dodiciorganic.com\/wp-content\/uploads\/2024\/04\/D20_stargate-gold-effect-768x768.png 768w, https:\/\/dodiciorganic.com\/wp-content\/uploads\/2024\/04\/D20_stargate-gold-effect-1536x1536.png 1536w, https:\/\/dodiciorganic.com\/wp-content\/uploads\/2024\/04\/D20_stargate-gold-effect.png 1772w\" sizes=\"(max-width: 300px) 100vw, 300px\" \/>\t\t\t\t\t\t\t\t\t\t\t\t\t\t\t<\/div>\n\t\t\t\t<\/div>\n\t\t\t\t\t<\/div>\n\t\t\t\t<\/div>\n\t\t\t\t\t<\/div>\n\t\t\t\t<\/div>\n\t\t\t\t<\/div>\n\t\t","protected":false},"excerpt":{"rendered":"<p>Shipping We dispatch all packages within 1\u20133 business days. We exclusively use Itella SmartPost for shipping as all their parcel [&hellip;]<\/p>\n","protected":false},"author":1,"featured_media":0,"parent":0,"menu_order":0,"comment_status":"closed","ping_status":"closed","template":"","meta":{"site-sidebar-layout":"no-sidebar","site-content-layout":"","ast-site-content-layout":"normal-width-container","site-content-style":"default","site-sidebar-style":"default","ast-global-header-display":"","ast-banner-title-visibility":"","ast-main-header-display":"","ast-hfb-above-header-display":"","ast-hfb-below-header-display":"","ast-hfb-mobile-header-display":"","site-post-title":"disabled","ast-breadcrumbs-content":"","ast-featured-img":"disabled","footer-sml-layout":"","ast-disable-related-posts":"","theme-transparent-header-meta":"default","adv-header-id-meta":"","stick-header-meta":"default","header-above-stick-meta":"","header-main-stick-meta":"","header-below-stick-meta":"","astra-migrate-meta-layouts":"default","ast-page-background-enabled":"default","ast-page-background-meta":{"desktop":{"background-color":"var(--ast-global-color-4)","background-image":"","background-repeat":"repeat","background-position":"center center","background-size":"auto","background-attachment":"scroll","background-type":"","background-media":"","overlay-type":"","overlay-color":"","overlay-opacity":"","overlay-gradient":""},"tablet":{"background-color":"","background-image":"","background-repeat":"repeat","background-position":"center center","background-size":"auto","background-attachment":"scroll","background-type":"","background-media":"","overlay-type":"","overlay-color":"","overlay-opacity":"","overlay-gradient":""},"mobile":{"background-color":"","background-image":"","background-repeat":"repeat","background-position":"center center","background-size":"auto","background-attachment":"scroll","background-type":"","background-media":"","overlay-type":"","overlay-color":"","overlay-opacity":"","overlay-gradient":""}},"ast-content-background-meta":{"desktop":{"background-color":"var(--ast-global-color-5)","background-image":"","background-repeat":"repeat","background-position":"center center","background-size":"auto","background-attachment":"scroll","background-type":"","background-media":"","overlay-type":"","overlay-color":"","overlay-opacity":"","overlay-gradient":""},"tablet":{"background-color":"var(--ast-global-color-5)","background-image":"","background-repeat":"repeat","background-position":"center center","background-size":"auto","background-attachment":"scroll","background-type":"","background-media":"","overlay-type":"","overlay-color":"","overlay-opacity":"","overlay-gradient":""},"mobile":{"background-color":"var(--ast-global-color-5)","background-image":"","background-repeat":"repeat","background-position":"center center","background-size":"auto","background-attachment":"scroll","background-type":"","background-media":"","overlay-type":"","overlay-color":"","overlay-opacity":"","overlay-gradient":""}},"footnotes":""},"class_list":["post-2661","page","type-page","status-publish","hentry"],"yoast_head":"<!-- This site is optimized with the Yoast SEO plugin v27.3 - https:\/\/yoast.com\/product\/yoast-seo-wordpress\/ -->\n<title>Shipping and Returns - DODICI<\/title>\n<meta name=\"description\" content=\"Esimene tootesari Eestis, mis ammutab inspiratsiooni t\u00e4htkujudest ja nende m\u00fcstikast, tuues teieni ainulaadseid kooslusi, mis on loodud just teie t\u00e4htkuju isikup\u00e4ra silmas pidades. Dodici Organic tooted on looduslikud, rikkalikud ning luksuslikud, aidates teil taastada tasakaalu, rahu ja harmooniat oma igap\u00e4evaelus.\" \/>\n<meta name=\"robots\" content=\"index, follow, max-snippet:-1, max-image-preview:large, max-video-preview:-1\" \/>\n<link rel=\"canonical\" href=\"https:\/\/dodiciorganic.com\/saatmine-ja-tagastamine\/\" \/>\n<meta property=\"og:locale\" content=\"en_US\" \/>\n<meta property=\"og:type\" content=\"article\" \/>\n<meta property=\"og:title\" content=\"Shipping and Returns - DODICI\" \/>\n<meta property=\"og:description\" content=\"Esimene tootesari Eestis, mis ammutab inspiratsiooni t\u00e4htkujudest ja nende m\u00fcstikast, tuues teieni ainulaadseid kooslusi, mis on loodud just teie t\u00e4htkuju isikup\u00e4ra silmas pidades. Dodici Organic tooted on looduslikud, rikkalikud ning luksuslikud, aidates teil taastada tasakaalu, rahu ja harmooniat oma igap\u00e4evaelus.\" \/>\n<meta property=\"og:url\" content=\"https:\/\/dodiciorganic.com\/saatmine-ja-tagastamine\/\" \/>\n<meta property=\"og:site_name\" content=\"DODICI\" \/>\n<meta property=\"article:publisher\" content=\"https:\/\/www.facebook.com\/dodiciorganic\/\" \/>\n<meta property=\"article:modified_time\" content=\"2024-08-19T13:58:55+00:00\" \/>\n<meta property=\"og:image\" content=\"https:\/\/dodiciorganic.com\/wp-content\/uploads\/2024\/04\/D20_stargate-gold-effect-300x300.png\" \/>\n<meta name=\"twitter:card\" content=\"summary_large_image\" \/>\n<meta name=\"twitter:label1\" content=\"Est. reading time\" \/>\n\t<meta name=\"twitter:data1\" content=\"1 minute\" \/>\n<script type=\"application\/ld+json\" class=\"yoast-schema-graph\">{\"@context\":\"https:\\\/\\\/schema.org\",\"@graph\":[{\"@type\":\"WebPage\",\"@id\":\"https:\\\/\\\/dodiciorganic.com\\\/saatmine-ja-tagastamine\\\/\",\"url\":\"https:\\\/\\\/dodiciorganic.com\\\/saatmine-ja-tagastamine\\\/\",\"name\":\"Shipping and Returns - DODICI\",\"isPartOf\":{\"@id\":\"https:\\\/\\\/dodiciorganic.com\\\/#website\"},\"primaryImageOfPage\":{\"@id\":\"https:\\\/\\\/dodiciorganic.com\\\/saatmine-ja-tagastamine\\\/#primaryimage\"},\"image\":{\"@id\":\"https:\\\/\\\/dodiciorganic.com\\\/saatmine-ja-tagastamine\\\/#primaryimage\"},\"thumbnailUrl\":\"https:\\\/\\\/dodiciorganic.com\\\/wp-content\\\/uploads\\\/2024\\\/04\\\/D20_stargate-gold-effect-300x300.png\",\"datePublished\":\"2024-03-30T15:51:38+00:00\",\"dateModified\":\"2024-08-19T13:58:55+00:00\",\"description\":\"Esimene tootesari Eestis, mis ammutab inspiratsiooni t\u00e4htkujudest ja nende m\u00fcstikast, tuues teieni ainulaadseid kooslusi, mis on loodud just teie t\u00e4htkuju isikup\u00e4ra silmas pidades. Dodici Organic tooted on looduslikud, rikkalikud ning luksuslikud, aidates teil taastada tasakaalu, rahu ja harmooniat oma igap\u00e4evaelus.\",\"breadcrumb\":{\"@id\":\"https:\\\/\\\/dodiciorganic.com\\\/saatmine-ja-tagastamine\\\/#breadcrumb\"},\"inLanguage\":\"en-US\",\"potentialAction\":[{\"@type\":\"ReadAction\",\"target\":[\"https:\\\/\\\/dodiciorganic.com\\\/saatmine-ja-tagastamine\\\/\"]}]},{\"@type\":\"ImageObject\",\"inLanguage\":\"en-US\",\"@id\":\"https:\\\/\\\/dodiciorganic.com\\\/saatmine-ja-tagastamine\\\/#primaryimage\",\"url\":\"https:\\\/\\\/dodiciorganic.com\\\/wp-content\\\/uploads\\\/2024\\\/04\\\/D20_stargate-gold-effect-300x300.png\",\"contentUrl\":\"https:\\\/\\\/dodiciorganic.com\\\/wp-content\\\/uploads\\\/2024\\\/04\\\/D20_stargate-gold-effect-300x300.png\"},{\"@type\":\"BreadcrumbList\",\"@id\":\"https:\\\/\\\/dodiciorganic.com\\\/saatmine-ja-tagastamine\\\/#breadcrumb\",\"itemListElement\":[{\"@type\":\"ListItem\",\"position\":1,\"name\":\"Home\",\"item\":\"https:\\\/\\\/dodiciorganic.com\\\/\"},{\"@type\":\"ListItem\",\"position\":2,\"name\":\"Shipping and Returns\"}]},{\"@type\":\"WebSite\",\"@id\":\"https:\\\/\\\/dodiciorganic.com\\\/#website\",\"url\":\"https:\\\/\\\/dodiciorganic.com\\\/\",\"name\":\"DODICI\",\"description\":\"Looge harmooniat, elage tasakaalus!\",\"publisher\":{\"@id\":\"https:\\\/\\\/dodiciorganic.com\\\/#organization\"},\"alternateName\":\"DODICI Organic\",\"potentialAction\":[{\"@type\":\"SearchAction\",\"target\":{\"@type\":\"EntryPoint\",\"urlTemplate\":\"https:\\\/\\\/dodiciorganic.com\\\/?s={search_term_string}\"},\"query-input\":{\"@type\":\"PropertyValueSpecification\",\"valueRequired\":true,\"valueName\":\"search_term_string\"}}],\"inLanguage\":\"en-US\"},{\"@type\":\"Organization\",\"@id\":\"https:\\\/\\\/dodiciorganic.com\\\/#organization\",\"name\":\"DODICI Organic\",\"alternateName\":\"DODICI\",\"url\":\"https:\\\/\\\/dodiciorganic.com\\\/\",\"logo\":{\"@type\":\"ImageObject\",\"inLanguage\":\"en-US\",\"@id\":\"https:\\\/\\\/dodiciorganic.com\\\/#\\\/schema\\\/logo\\\/image\\\/\",\"url\":\"https:\\\/\\\/dodiciorganic.com\\\/wp-content\\\/uploads\\\/2024\\\/03\\\/DODICI-Logo-scaled.png\",\"contentUrl\":\"https:\\\/\\\/dodiciorganic.com\\\/wp-content\\\/uploads\\\/2024\\\/03\\\/DODICI-Logo-scaled.png\",\"width\":2560,\"height\":424,\"caption\":\"DODICI Organic\"},\"image\":{\"@id\":\"https:\\\/\\\/dodiciorganic.com\\\/#\\\/schema\\\/logo\\\/image\\\/\"},\"sameAs\":[\"https:\\\/\\\/www.facebook.com\\\/dodiciorganic\\\/\",\"https:\\\/\\\/www.instagram.com\\\/dodiciorganic\\\/\"]}]}<\/script>\n<!-- \/ Yoast SEO plugin. -->","yoast_head_json":{"title":"Shipping and Returns - DODICI","description":"Esimene tootesari Eestis, mis ammutab inspiratsiooni t\u00e4htkujudest ja nende m\u00fcstikast, tuues teieni ainulaadseid kooslusi, mis on loodud just teie t\u00e4htkuju isikup\u00e4ra silmas pidades. Dodici Organic tooted on looduslikud, rikkalikud ning luksuslikud, aidates teil taastada tasakaalu, rahu ja harmooniat oma igap\u00e4evaelus.","robots":{"index":"index","follow":"follow","max-snippet":"max-snippet:-1","max-image-preview":"max-image-preview:large","max-video-preview":"max-video-preview:-1"},"canonical":"https:\/\/dodiciorganic.com\/saatmine-ja-tagastamine\/","og_locale":"en_US","og_type":"article","og_title":"Shipping and Returns - DODICI","og_description":"Esimene tootesari Eestis, mis ammutab inspiratsiooni t\u00e4htkujudest ja nende m\u00fcstikast, tuues teieni ainulaadseid kooslusi, mis on loodud just teie t\u00e4htkuju isikup\u00e4ra silmas pidades. Dodici Organic tooted on looduslikud, rikkalikud ning luksuslikud, aidates teil taastada tasakaalu, rahu ja harmooniat oma igap\u00e4evaelus.","og_url":"https:\/\/dodiciorganic.com\/saatmine-ja-tagastamine\/","og_site_name":"DODICI","article_publisher":"https:\/\/www.facebook.com\/dodiciorganic\/","article_modified_time":"2024-08-19T13:58:55+00:00","og_image":[{"url":"https:\/\/dodiciorganic.com\/wp-content\/uploads\/2024\/04\/D20_stargate-gold-effect-300x300.png","type":"","width":"","height":""}],"twitter_card":"summary_large_image","twitter_misc":{"Est. reading time":"1 minute"},"schema":{"@context":"https:\/\/schema.org","@graph":[{"@type":"WebPage","@id":"https:\/\/dodiciorganic.com\/saatmine-ja-tagastamine\/","url":"https:\/\/dodiciorganic.com\/saatmine-ja-tagastamine\/","name":"Shipping and Returns - DODICI","isPartOf":{"@id":"https:\/\/dodiciorganic.com\/#website"},"primaryImageOfPage":{"@id":"https:\/\/dodiciorganic.com\/saatmine-ja-tagastamine\/#primaryimage"},"image":{"@id":"https:\/\/dodiciorganic.com\/saatmine-ja-tagastamine\/#primaryimage"},"thumbnailUrl":"https:\/\/dodiciorganic.com\/wp-content\/uploads\/2024\/04\/D20_stargate-gold-effect-300x300.png","datePublished":"2024-03-30T15:51:38+00:00","dateModified":"2024-08-19T13:58:55+00:00","description":"Esimene tootesari Eestis, mis ammutab inspiratsiooni t\u00e4htkujudest ja nende m\u00fcstikast, tuues teieni ainulaadseid kooslusi, mis on loodud just teie t\u00e4htkuju isikup\u00e4ra silmas pidades. Dodici Organic tooted on looduslikud, rikkalikud ning luksuslikud, aidates teil taastada tasakaalu, rahu ja harmooniat oma igap\u00e4evaelus.","breadcrumb":{"@id":"https:\/\/dodiciorganic.com\/saatmine-ja-tagastamine\/#breadcrumb"},"inLanguage":"en-US","potentialAction":[{"@type":"ReadAction","target":["https:\/\/dodiciorganic.com\/saatmine-ja-tagastamine\/"]}]},{"@type":"ImageObject","inLanguage":"en-US","@id":"https:\/\/dodiciorganic.com\/saatmine-ja-tagastamine\/#primaryimage","url":"https:\/\/dodiciorganic.com\/wp-content\/uploads\/2024\/04\/D20_stargate-gold-effect-300x300.png","contentUrl":"https:\/\/dodiciorganic.com\/wp-content\/uploads\/2024\/04\/D20_stargate-gold-effect-300x300.png"},{"@type":"BreadcrumbList","@id":"https:\/\/dodiciorganic.com\/saatmine-ja-tagastamine\/#breadcrumb","itemListElement":[{"@type":"ListItem","position":1,"name":"Home","item":"https:\/\/dodiciorganic.com\/"},{"@type":"ListItem","position":2,"name":"Shipping and Returns"}]},{"@type":"WebSite","@id":"https:\/\/dodiciorganic.com\/#website","url":"https:\/\/dodiciorganic.com\/","name":"DODICI","description":"Looge harmooniat, elage tasakaalus!","publisher":{"@id":"https:\/\/dodiciorganic.com\/#organization"},"alternateName":"DODICI Organic","potentialAction":[{"@type":"SearchAction","target":{"@type":"EntryPoint","urlTemplate":"https:\/\/dodiciorganic.com\/?s={search_term_string}"},"query-input":{"@type":"PropertyValueSpecification","valueRequired":true,"valueName":"search_term_string"}}],"inLanguage":"en-US"},{"@type":"Organization","@id":"https:\/\/dodiciorganic.com\/#organization","name":"DODICI Organic","alternateName":"DODICI","url":"https:\/\/dodiciorganic.com\/","logo":{"@type":"ImageObject","inLanguage":"en-US","@id":"https:\/\/dodiciorganic.com\/#\/schema\/logo\/image\/","url":"https:\/\/dodiciorganic.com\/wp-content\/uploads\/2024\/03\/DODICI-Logo-scaled.png","contentUrl":"https:\/\/dodiciorganic.com\/wp-content\/uploads\/2024\/03\/DODICI-Logo-scaled.png","width":2560,"height":424,"caption":"DODICI Organic"},"image":{"@id":"https:\/\/dodiciorganic.com\/#\/schema\/logo\/image\/"},"sameAs":["https:\/\/www.facebook.com\/dodiciorganic\/","https:\/\/www.instagram.com\/dodiciorganic\/"]}]}},"jetpack_sharing_enabled":true,"_links":{"self":[{"href":"https:\/\/dodiciorganic.com\/en\/wp-json\/wp\/v2\/pages\/2661","targetHints":{"allow":["GET"]}}],"collection":[{"href":"https:\/\/dodiciorganic.com\/en\/wp-json\/wp\/v2\/pages"}],"about":[{"href":"https:\/\/dodiciorganic.com\/en\/wp-json\/wp\/v2\/types\/page"}],"author":[{"embeddable":true,"href":"https:\/\/dodiciorganic.com\/en\/wp-json\/wp\/v2\/users\/1"}],"replies":[{"embeddable":true,"href":"https:\/\/dodiciorganic.com\/en\/wp-json\/wp\/v2\/comments?post=2661"}],"version-history":[{"count":2,"href":"https:\/\/dodiciorganic.com\/en\/wp-json\/wp\/v2\/pages\/2661\/revisions"}],"predecessor-version":[{"id":2767,"href":"https:\/\/dodiciorganic.com\/en\/wp-json\/wp\/v2\/pages\/2661\/revisions\/2767"}],"wp:attachment":[{"href":"https:\/\/dodiciorganic.com\/en\/wp-json\/wp\/v2\/media?parent=2661"}],"curies":[{"name":"wp","href":"https:\/\/api.w.org\/{rel}","templated":true}]}}