{"id":4142,"date":"2025-04-04T14:37:44","date_gmt":"2025-04-04T11:37:44","guid":{"rendered":"https:\/\/dodiciorganic.com\/?post_type=product&#038;p=4142"},"modified":"2025-04-04T16:00:07","modified_gmt":"2025-04-04T13:00:07","slug":"dodici-tahemargipohine-massaaz","status":"publish","type":"product","link":"https:\/\/dodiciorganic.com\/en\/pood\/dodici-tahemargipohine-massaaz\/","title":{"rendered":"DODICI t\u00e4hem\u00e4rgip\u00f5hine massaa\u017e"},"content":{"rendered":"","protected":false},"excerpt":{"rendered":"<p>Naudi luksuslikku keha- v\u00f5i n\u00e4omassaa\u017ei, just Sinu t\u00e4hem\u00e4rgile loodud DODICI \u00f5liga, mille unikaalsed koostised taastavad naha tasakaalu, hellitavad meeli ja loovad aroomiteraapilise elamuse, mis viib rutiinist v\u00e4lja ja aitab luua s\u00fcgava kontakti iseendaga.<\/p>\n<p><strong data-start=\"865\" data-end=\"882\">Kehamassaa\u017eis<\/strong> (60 min) keskendutakse pingetest vabastamisele ja s\u00fcgavale l\u00f5\u00f5gastusele. Massaa\u017eitehnikad aitavad ergutada vereringet, pehmendada lihaspingeid ning taastada energiavoogu kogu kehas.<br \/>\nTulemuseks on rahunenud meel ja siidiselt niisutatud, eluj\u00f5uline nahk.<\/p>\n<p><strong data-start=\"1135\" data-end=\"1158\">Ekspress-n\u00e4omassaa\u017e<\/strong> (30 min) on t\u00f5hus ja lummav hoolitsus, mis l\u00f5\u00f5gastab pingelised n\u00e4o- ja kaelapiirkonnad. Massaa\u017e \u00fchendab spetsiaalsed v\u00f5tted ja \u00f5rnad liigutused, mis stimuleerivad vereringet ja annavad nahale n\u00e4htava s\u00e4ra.<\/p>\n<p><strong>Kingi see hetk iseendale v\u00f5i kellelegi, keda soovid r\u00f5\u00f5mustada.<\/strong><\/p>\n<p><em>* Massaa\u017ei teostatakse Eesti looduskosmeetika salongis Siluett (Roosikrantsi tn 8-1, Tallinn)<\/em><\/p>\n","protected":false},"featured_media":4143,"template":"","meta":{"site-sidebar-layout":"default","site-content-layout":"","ast-site-content-layout":"default","site-content-style":"default","site-sidebar-style":"default","ast-global-header-display":"","ast-banner-title-visibility":"","ast-main-header-display":"","ast-hfb-above-header-display":"","ast-hfb-below-header-display":"","ast-hfb-mobile-header-display":"","site-post-title":"","ast-breadcrumbs-content":"","ast-featured-img":"","footer-sml-layout":"","ast-disable-related-posts":"","theme-transparent-header-meta":"default","adv-header-id-meta":"","stick-header-meta":"default","header-above-stick-meta":"","header-main-stick-meta":"","header-below-stick-meta":"","astra-migrate-meta-layouts":"set","ast-page-background-enabled":"default","ast-page-background-meta":{"desktop":{"background-color":"var(--ast-global-color-4)","background-image":"","background-repeat":"repeat","background-position":"center center","background-size":"auto","background-attachment":"scroll","background-type":"","background-media":"","overlay-type":"","overlay-color":"","overlay-opacity":"","overlay-gradient":""},"tablet":{"background-color":"","background-image":"","background-repeat":"repeat","background-position":"center center","background-size":"auto","background-attachment":"scroll","background-type":"","background-media":"","overlay-type":"","overlay-color":"","overlay-opacity":"","overlay-gradient":""},"mobile":{"background-color":"","background-image":"","background-repeat":"repeat","background-position":"center center","background-size":"auto","background-attachment":"scroll","background-type":"","background-media":"","overlay-type":"","overlay-color":"","overlay-opacity":"","overlay-gradient":""}},"ast-content-background-meta":{"desktop":{"background-color":"var(--ast-global-color-5)","background-image":"","background-repeat":"repeat","background-position":"center center","background-size":"auto","background-attachment":"scroll","background-type":"","background-media":"","overlay-type":"","overlay-color":"","overlay-opacity":"","overlay-gradient":""},"tablet":{"background-color":"var(--ast-global-color-5)","background-image":"","background-repeat":"repeat","background-position":"center center","background-size":"auto","background-attachment":"scroll","background-type":"","background-media":"","overlay-type":"","overlay-color":"","overlay-opacity":"","overlay-gradient":""},"mobile":{"background-color":"var(--ast-global-color-5)","background-image":"","background-repeat":"repeat","background-position":"center center","background-size":"auto","background-attachment":"scroll","background-type":"","background-media":"","overlay-type":"","overlay-color":"","overlay-opacity":"","overlay-gradient":""}}},"product_brand":[],"product_cat":[29,21,27,23,32,30,25,26,28,20,22,24,31],"product_tag":[],"class_list":{"0":"post-4142","1":"product","2":"type-product","3":"status-publish","4":"has-post-thumbnail","6":"product_cat-ambur","7":"product_cat-jaar","8":"product_cat-kaalud","9":"product_cat-kaksikud","10":"product_cat-kalad","11":"product_cat-kaljukits","12":"product_cat-lovi","13":"product_cat-neitsi","14":"product_cat-skorpion","15":"product_cat-sodiaagimark","16":"product_cat-sonn","17":"product_cat-vahk","18":"product_cat-veevalaja","19":"desktop-align-left","20":"tablet-align-left","21":"mobile-align-left","22":"ast-product-gallery-layout-first-image-large","23":"ast-product-tabs-layout-horizontal","25":"first","26":"instock","27":"product-type-external"},"yoast_head":"<!-- This site is optimized with the Yoast SEO plugin v27.3 - https:\/\/yoast.com\/product\/yoast-seo-wordpress\/ -->\n<title>DODICI t\u00e4hem\u00e4rgip\u00f5hine massaa\u017e - DODICI<\/title>\n<meta name=\"description\" content=\"Naudi luksuslikku keha- v\u00f5i n\u00e4omassaa\u017ei, just Sinu t\u00e4hem\u00e4rgile loodud DODICI \u00f5liga, mille unikaalsed koostised taastavad naha tasakaalu, hellitavad meeli ja loovad aroomiteraapilise elamuse.\" \/>\n<meta name=\"robots\" content=\"index, follow, max-snippet:-1, max-image-preview:large, max-video-preview:-1\" \/>\n<link rel=\"canonical\" href=\"https:\/\/dodiciorganic.com\/pood\/dodici-tahemargipohine-massaaz\/\" \/>\n<meta property=\"og:locale\" content=\"en_US\" \/>\n<meta property=\"og:type\" content=\"article\" \/>\n<meta property=\"og:title\" content=\"DODICI t\u00e4hem\u00e4rgip\u00f5hine massaa\u017e - DODICI\" \/>\n<meta property=\"og:description\" content=\"Naudi luksuslikku keha- v\u00f5i n\u00e4omassaa\u017ei, just Sinu t\u00e4hem\u00e4rgile loodud DODICI \u00f5liga, mille unikaalsed koostised taastavad naha tasakaalu, hellitavad meeli ja loovad aroomiteraapilise elamuse.\" \/>\n<meta property=\"og:url\" content=\"https:\/\/dodiciorganic.com\/pood\/dodici-tahemargipohine-massaaz\/\" \/>\n<meta property=\"og:site_name\" content=\"DODICI\" \/>\n<meta property=\"article:publisher\" content=\"https:\/\/www.facebook.com\/dodiciorganic\/\" \/>\n<meta property=\"article:modified_time\" content=\"2025-04-04T13:00:07+00:00\" \/>\n<meta property=\"og:image\" content=\"https:\/\/dodiciorganic.com\/wp-content\/uploads\/2025\/04\/37.png\" \/>\n\t<meta property=\"og:image:width\" content=\"1200\" \/>\n\t<meta property=\"og:image:height\" content=\"1200\" \/>\n\t<meta property=\"og:image:type\" content=\"image\/png\" \/>\n<meta name=\"twitter:card\" content=\"summary_large_image\" \/>\n<meta name=\"twitter:label1\" content=\"Est. reading time\" \/>\n\t<meta name=\"twitter:data1\" content=\"1 minute\" \/>\n<script type=\"application\/ld+json\" class=\"yoast-schema-graph\">{\"@context\":\"https:\\\/\\\/schema.org\",\"@graph\":[{\"@type\":\"WebPage\",\"@id\":\"https:\\\/\\\/dodiciorganic.com\\\/pood\\\/dodici-tahemargipohine-massaaz\\\/\",\"url\":\"https:\\\/\\\/dodiciorganic.com\\\/pood\\\/dodici-tahemargipohine-massaaz\\\/\",\"name\":\"DODICI t\u00e4hem\u00e4rgip\u00f5hine massaa\u017e - DODICI\",\"isPartOf\":{\"@id\":\"https:\\\/\\\/dodiciorganic.com\\\/#website\"},\"primaryImageOfPage\":{\"@id\":\"https:\\\/\\\/dodiciorganic.com\\\/pood\\\/dodici-tahemargipohine-massaaz\\\/#primaryimage\"},\"image\":{\"@id\":\"https:\\\/\\\/dodiciorganic.com\\\/pood\\\/dodici-tahemargipohine-massaaz\\\/#primaryimage\"},\"thumbnailUrl\":\"https:\\\/\\\/dodiciorganic.com\\\/wp-content\\\/uploads\\\/2025\\\/04\\\/37.png\",\"datePublished\":\"2025-04-04T11:37:44+00:00\",\"dateModified\":\"2025-04-04T13:00:07+00:00\",\"description\":\"Naudi luksuslikku keha- v\u00f5i n\u00e4omassaa\u017ei, just Sinu t\u00e4hem\u00e4rgile loodud DODICI \u00f5liga, mille unikaalsed koostised taastavad naha tasakaalu, hellitavad meeli ja loovad aroomiteraapilise elamuse.\",\"breadcrumb\":{\"@id\":\"https:\\\/\\\/dodiciorganic.com\\\/pood\\\/dodici-tahemargipohine-massaaz\\\/#breadcrumb\"},\"inLanguage\":\"en-US\",\"potentialAction\":[{\"@type\":\"ReadAction\",\"target\":[\"https:\\\/\\\/dodiciorganic.com\\\/pood\\\/dodici-tahemargipohine-massaaz\\\/\"]}]},{\"@type\":\"ImageObject\",\"inLanguage\":\"en-US\",\"@id\":\"https:\\\/\\\/dodiciorganic.com\\\/pood\\\/dodici-tahemargipohine-massaaz\\\/#primaryimage\",\"url\":\"https:\\\/\\\/dodiciorganic.com\\\/wp-content\\\/uploads\\\/2025\\\/04\\\/37.png\",\"contentUrl\":\"https:\\\/\\\/dodiciorganic.com\\\/wp-content\\\/uploads\\\/2025\\\/04\\\/37.png\",\"width\":1200,\"height\":1200,\"caption\":\"DODICI t\u00e4hem\u00e4rgip\u00f5hine massaa\u017e\"},{\"@type\":\"BreadcrumbList\",\"@id\":\"https:\\\/\\\/dodiciorganic.com\\\/pood\\\/dodici-tahemargipohine-massaaz\\\/#breadcrumb\",\"itemListElement\":[{\"@type\":\"ListItem\",\"position\":1,\"name\":\"Home\",\"item\":\"https:\\\/\\\/dodiciorganic.com\\\/\"},{\"@type\":\"ListItem\",\"position\":2,\"name\":\"Shop\",\"item\":\"https:\\\/\\\/dodiciorganic.com\\\/en\\\/shop\\\/\"},{\"@type\":\"ListItem\",\"position\":3,\"name\":\"DODICI t\u00e4hem\u00e4rgip\u00f5hine massaa\u017e\"}]},{\"@type\":\"WebSite\",\"@id\":\"https:\\\/\\\/dodiciorganic.com\\\/#website\",\"url\":\"https:\\\/\\\/dodiciorganic.com\\\/\",\"name\":\"DODICI\",\"description\":\"Looge harmooniat, elage tasakaalus!\",\"publisher\":{\"@id\":\"https:\\\/\\\/dodiciorganic.com\\\/#organization\"},\"alternateName\":\"DODICI Organic\",\"potentialAction\":[{\"@type\":\"SearchAction\",\"target\":{\"@type\":\"EntryPoint\",\"urlTemplate\":\"https:\\\/\\\/dodiciorganic.com\\\/?s={search_term_string}\"},\"query-input\":{\"@type\":\"PropertyValueSpecification\",\"valueRequired\":true,\"valueName\":\"search_term_string\"}}],\"inLanguage\":\"en-US\"},{\"@type\":\"Organization\",\"@id\":\"https:\\\/\\\/dodiciorganic.com\\\/#organization\",\"name\":\"DODICI Organic\",\"alternateName\":\"DODICI\",\"url\":\"https:\\\/\\\/dodiciorganic.com\\\/\",\"logo\":{\"@type\":\"ImageObject\",\"inLanguage\":\"en-US\",\"@id\":\"https:\\\/\\\/dodiciorganic.com\\\/#\\\/schema\\\/logo\\\/image\\\/\",\"url\":\"https:\\\/\\\/dodiciorganic.com\\\/wp-content\\\/uploads\\\/2024\\\/03\\\/DODICI-Logo-scaled.png\",\"contentUrl\":\"https:\\\/\\\/dodiciorganic.com\\\/wp-content\\\/uploads\\\/2024\\\/03\\\/DODICI-Logo-scaled.png\",\"width\":2560,\"height\":424,\"caption\":\"DODICI Organic\"},\"image\":{\"@id\":\"https:\\\/\\\/dodiciorganic.com\\\/#\\\/schema\\\/logo\\\/image\\\/\"},\"sameAs\":[\"https:\\\/\\\/www.facebook.com\\\/dodiciorganic\\\/\",\"https:\\\/\\\/www.instagram.com\\\/dodiciorganic\\\/\"]}]}<\/script>\n<!-- \/ Yoast SEO plugin. -->","yoast_head_json":{"title":"DODICI t\u00e4hem\u00e4rgip\u00f5hine massaa\u017e - DODICI","description":"Naudi luksuslikku keha- v\u00f5i n\u00e4omassaa\u017ei, just Sinu t\u00e4hem\u00e4rgile loodud DODICI \u00f5liga, mille unikaalsed koostised taastavad naha tasakaalu, hellitavad meeli ja loovad aroomiteraapilise elamuse.","robots":{"index":"index","follow":"follow","max-snippet":"max-snippet:-1","max-image-preview":"max-image-preview:large","max-video-preview":"max-video-preview:-1"},"canonical":"https:\/\/dodiciorganic.com\/pood\/dodici-tahemargipohine-massaaz\/","og_locale":"en_US","og_type":"article","og_title":"DODICI t\u00e4hem\u00e4rgip\u00f5hine massaa\u017e - DODICI","og_description":"Naudi luksuslikku keha- v\u00f5i n\u00e4omassaa\u017ei, just Sinu t\u00e4hem\u00e4rgile loodud DODICI \u00f5liga, mille unikaalsed koostised taastavad naha tasakaalu, hellitavad meeli ja loovad aroomiteraapilise elamuse.","og_url":"https:\/\/dodiciorganic.com\/pood\/dodici-tahemargipohine-massaaz\/","og_site_name":"DODICI","article_publisher":"https:\/\/www.facebook.com\/dodiciorganic\/","article_modified_time":"2025-04-04T13:00:07+00:00","og_image":[{"width":1200,"height":1200,"url":"https:\/\/dodiciorganic.com\/wp-content\/uploads\/2025\/04\/37.png","type":"image\/png"}],"twitter_card":"summary_large_image","twitter_misc":{"Est. reading time":"1 minute"},"schema":{"@context":"https:\/\/schema.org","@graph":[{"@type":"WebPage","@id":"https:\/\/dodiciorganic.com\/pood\/dodici-tahemargipohine-massaaz\/","url":"https:\/\/dodiciorganic.com\/pood\/dodici-tahemargipohine-massaaz\/","name":"DODICI t\u00e4hem\u00e4rgip\u00f5hine massaa\u017e - DODICI","isPartOf":{"@id":"https:\/\/dodiciorganic.com\/#website"},"primaryImageOfPage":{"@id":"https:\/\/dodiciorganic.com\/pood\/dodici-tahemargipohine-massaaz\/#primaryimage"},"image":{"@id":"https:\/\/dodiciorganic.com\/pood\/dodici-tahemargipohine-massaaz\/#primaryimage"},"thumbnailUrl":"https:\/\/dodiciorganic.com\/wp-content\/uploads\/2025\/04\/37.png","datePublished":"2025-04-04T11:37:44+00:00","dateModified":"2025-04-04T13:00:07+00:00","description":"Naudi luksuslikku keha- v\u00f5i n\u00e4omassaa\u017ei, just Sinu t\u00e4hem\u00e4rgile loodud DODICI \u00f5liga, mille unikaalsed koostised taastavad naha tasakaalu, hellitavad meeli ja loovad aroomiteraapilise elamuse.","breadcrumb":{"@id":"https:\/\/dodiciorganic.com\/pood\/dodici-tahemargipohine-massaaz\/#breadcrumb"},"inLanguage":"en-US","potentialAction":[{"@type":"ReadAction","target":["https:\/\/dodiciorganic.com\/pood\/dodici-tahemargipohine-massaaz\/"]}]},{"@type":"ImageObject","inLanguage":"en-US","@id":"https:\/\/dodiciorganic.com\/pood\/dodici-tahemargipohine-massaaz\/#primaryimage","url":"https:\/\/dodiciorganic.com\/wp-content\/uploads\/2025\/04\/37.png","contentUrl":"https:\/\/dodiciorganic.com\/wp-content\/uploads\/2025\/04\/37.png","width":1200,"height":1200,"caption":"DODICI t\u00e4hem\u00e4rgip\u00f5hine massaa\u017e"},{"@type":"BreadcrumbList","@id":"https:\/\/dodiciorganic.com\/pood\/dodici-tahemargipohine-massaaz\/#breadcrumb","itemListElement":[{"@type":"ListItem","position":1,"name":"Home","item":"https:\/\/dodiciorganic.com\/"},{"@type":"ListItem","position":2,"name":"Shop","item":"https:\/\/dodiciorganic.com\/en\/shop\/"},{"@type":"ListItem","position":3,"name":"DODICI t\u00e4hem\u00e4rgip\u00f5hine massaa\u017e"}]},{"@type":"WebSite","@id":"https:\/\/dodiciorganic.com\/#website","url":"https:\/\/dodiciorganic.com\/","name":"DODICI","description":"Looge harmooniat, elage tasakaalus!","publisher":{"@id":"https:\/\/dodiciorganic.com\/#organization"},"alternateName":"DODICI Organic","potentialAction":[{"@type":"SearchAction","target":{"@type":"EntryPoint","urlTemplate":"https:\/\/dodiciorganic.com\/?s={search_term_string}"},"query-input":{"@type":"PropertyValueSpecification","valueRequired":true,"valueName":"search_term_string"}}],"inLanguage":"en-US"},{"@type":"Organization","@id":"https:\/\/dodiciorganic.com\/#organization","name":"DODICI Organic","alternateName":"DODICI","url":"https:\/\/dodiciorganic.com\/","logo":{"@type":"ImageObject","inLanguage":"en-US","@id":"https:\/\/dodiciorganic.com\/#\/schema\/logo\/image\/","url":"https:\/\/dodiciorganic.com\/wp-content\/uploads\/2024\/03\/DODICI-Logo-scaled.png","contentUrl":"https:\/\/dodiciorganic.com\/wp-content\/uploads\/2024\/03\/DODICI-Logo-scaled.png","width":2560,"height":424,"caption":"DODICI Organic"},"image":{"@id":"https:\/\/dodiciorganic.com\/#\/schema\/logo\/image\/"},"sameAs":["https:\/\/www.facebook.com\/dodiciorganic\/","https:\/\/www.instagram.com\/dodiciorganic\/"]}]}},"jetpack_sharing_enabled":true,"_links":{"self":[{"href":"https:\/\/dodiciorganic.com\/en\/wp-json\/wp\/v2\/product\/4142","targetHints":{"allow":["GET"]}}],"collection":[{"href":"https:\/\/dodiciorganic.com\/en\/wp-json\/wp\/v2\/product"}],"about":[{"href":"https:\/\/dodiciorganic.com\/en\/wp-json\/wp\/v2\/types\/product"}],"version-history":[{"count":3,"href":"https:\/\/dodiciorganic.com\/en\/wp-json\/wp\/v2\/product\/4142\/revisions"}],"predecessor-version":[{"id":4154,"href":"https:\/\/dodiciorganic.com\/en\/wp-json\/wp\/v2\/product\/4142\/revisions\/4154"}],"wp:featuredmedia":[{"embeddable":true,"href":"https:\/\/dodiciorganic.com\/en\/wp-json\/wp\/v2\/media\/4143"}],"wp:attachment":[{"href":"https:\/\/dodiciorganic.com\/en\/wp-json\/wp\/v2\/media?parent=4142"}],"wp:term":[{"taxonomy":"product_brand","embeddable":true,"href":"https:\/\/dodiciorganic.com\/en\/wp-json\/wp\/v2\/product_brand?post=4142"},{"taxonomy":"product_cat","embeddable":true,"href":"https:\/\/dodiciorganic.com\/en\/wp-json\/wp\/v2\/product_cat?post=4142"},{"taxonomy":"product_tag","embeddable":true,"href":"https:\/\/dodiciorganic.com\/en\/wp-json\/wp\/v2\/product_tag?post=4142"}],"curies":[{"name":"wp","href":"https:\/\/api.w.org\/{rel}","templated":true}]}}